{"id":11025,"date":"2023-04-01T14:42:54","date_gmt":"2023-04-01T14:42:54","guid":{"rendered":"https:\/\/www.against-antisemitism.com\/reviews-from-the-readers-german\/"},"modified":"2024-08-25T11:22:35","modified_gmt":"2024-08-25T11:22:35","slug":"lesermeinungen","status":"publish","type":"page","link":"https:\/\/www.against-antisemitism.com\/de\/lesermeinungen\/","title":{"rendered":"Lesermeinungen"},"content":{"rendered":"<div id=\"cs-content\" class=\"cs-content\"><\/div>\n","protected":false},"excerpt":{"rendered":"<p>Lesermeinungen Ich habe dieses Buch, und w\u00e4hrend ich es las, konnte ich sp\u00fcren, wie der Heilige Geist mich innerlich ver\u00e4nderte. Ich folge Jesus seit \u00fcber 40 Jahren, aber seit ich dieses Buch gelesen habe, hat sich mein ganzer Weg mit Ihm v\u00f6llig ver\u00e4ndert, denn ich kenne Ihn jetzt als Yeshua und Seine wirkliche Identit\u00e4t. Wenn Sie aufrichtig daran interessiert sind, &#8230; <\/p>\n<div><a href=\"https:\/\/www.against-antisemitism.com\/de\/lesermeinungen\/\" class=\"more-link\">Read More<\/a><\/div>\n","protected":false},"author":1,"featured_media":0,"parent":0,"menu_order":0,"comment_status":"closed","ping_status":"closed","template":"template-blank-4.php","meta":{"give_campaign_id":0,"pmpro_default_level":"","footnotes":""},"class_list":["post-11025","page","type-page","status-publish","hentry","pmpro-has-access","no-post-thumbnail"],"campaignId":"","_links":{"self":[{"href":"https:\/\/www.against-antisemitism.com\/de\/wp-json\/wp\/v2\/pages\/11025","targetHints":{"allow":["GET"]}}],"collection":[{"href":"https:\/\/www.against-antisemitism.com\/de\/wp-json\/wp\/v2\/pages"}],"about":[{"href":"https:\/\/www.against-antisemitism.com\/de\/wp-json\/wp\/v2\/types\/page"}],"author":[{"embeddable":true,"href":"https:\/\/www.against-antisemitism.com\/de\/wp-json\/wp\/v2\/users\/1"}],"replies":[{"embeddable":true,"href":"https:\/\/www.against-antisemitism.com\/de\/wp-json\/wp\/v2\/comments?post=11025"}],"version-history":[{"count":15,"href":"https:\/\/www.against-antisemitism.com\/de\/wp-json\/wp\/v2\/pages\/11025\/revisions"}],"predecessor-version":[{"id":11518,"href":"https:\/\/www.against-antisemitism.com\/de\/wp-json\/wp\/v2\/pages\/11025\/revisions\/11518"}],"wp:attachment":[{"href":"https:\/\/www.against-antisemitism.com\/de\/wp-json\/wp\/v2\/media?parent=11025"}],"curies":[{"name":"wp","href":"https:\/\/api.w.org\/{rel}","templated":true}]}}