{"id":11667,"date":"2025-11-03T16:37:17","date_gmt":"2025-11-03T16:37:17","guid":{"rendered":"https:\/\/www.against-antisemitism.com\/promote-german\/"},"modified":"2025-11-03T16:47:54","modified_gmt":"2025-11-03T16:47:54","slug":"angebote","status":"publish","type":"page","link":"https:\/\/www.against-antisemitism.com\/de\/angebote\/","title":{"rendered":"Angebote"},"content":{"rendered":"<div id=\"cs-content\" class=\"cs-content\"><\/div>\n","protected":false},"excerpt":{"rendered":"<p>Bewerben Sie den Online-Kurs \u00fcber Identit\u00e4tsdiebstahl und GRI! Sie k\u00f6nnen diese kostenlosen Werbematerialien herunterladen und weiterverbreiten.Der Flyer zum Thema Identit\u00e4tsdiebstahl 4&#8242; x 6&#8242; \/ 10 cm x 15 cm (Postkartengr\u00f6\u00dfe)PDF zum Drucken Identit\u00e4tsdiebstahl &#8211; Der Flyer Promote The Identity Theft and GRI online course! You can download these free promotional materials and share them forward. The Identity Theft Flyer 4&#8242; &#8230; <\/p>\n<div><a href=\"https:\/\/www.against-antisemitism.com\/de\/angebote\/\" class=\"more-link\">Read More<\/a><\/div>\n","protected":false},"author":1,"featured_media":0,"parent":0,"menu_order":0,"comment_status":"closed","ping_status":"closed","template":"template-blank-4.php","meta":{"give_campaign_id":0,"pmpro_default_level":"","footnotes":""},"class_list":["post-11667","page","type-page","status-publish","hentry","pmpro-has-access","no-post-thumbnail"],"campaignId":"","_links":{"self":[{"href":"https:\/\/www.against-antisemitism.com\/de\/wp-json\/wp\/v2\/pages\/11667","targetHints":{"allow":["GET"]}}],"collection":[{"href":"https:\/\/www.against-antisemitism.com\/de\/wp-json\/wp\/v2\/pages"}],"about":[{"href":"https:\/\/www.against-antisemitism.com\/de\/wp-json\/wp\/v2\/types\/page"}],"author":[{"embeddable":true,"href":"https:\/\/www.against-antisemitism.com\/de\/wp-json\/wp\/v2\/users\/1"}],"replies":[{"embeddable":true,"href":"https:\/\/www.against-antisemitism.com\/de\/wp-json\/wp\/v2\/comments?post=11667"}],"version-history":[{"count":11,"href":"https:\/\/www.against-antisemitism.com\/de\/wp-json\/wp\/v2\/pages\/11667\/revisions"}],"predecessor-version":[{"id":11694,"href":"https:\/\/www.against-antisemitism.com\/de\/wp-json\/wp\/v2\/pages\/11667\/revisions\/11694"}],"wp:attachment":[{"href":"https:\/\/www.against-antisemitism.com\/de\/wp-json\/wp\/v2\/media?parent=11667"}],"curies":[{"name":"wp","href":"https:\/\/api.w.org\/{rel}","templated":true}]}}