{"id":3159,"date":"2020-03-23T22:57:19","date_gmt":"2020-03-23T22:57:19","guid":{"rendered":"https:\/\/www.against-antisemitism.com\/about\/"},"modified":"2023-04-01T21:34:40","modified_gmt":"2023-04-01T21:34:40","slug":"uber-gri","status":"publish","type":"page","link":"https:\/\/www.against-antisemitism.com\/de\/uber-gri\/","title":{"rendered":"\u00dcber GRI"},"content":{"rendered":"<div id=\"cs-content\" class=\"cs-content\"><\/div>\n","protected":false},"excerpt":{"rendered":"<p>\u00dcber GRI GRI, die Weltweite Bildungsinitiative Gegen Antisemitismus, ist eine v\u00f6llig neue Organisation, die f\u00fcr die j\u00fcdische Identit\u00e4t des Messias wirbt, und es zum Ziel hat, den christlichen Antisemitismus auszurotten. Wir tun dies, indem wir die Menschen mithilfe von historischen, politischen und biblischen Wahrheiten aufkl\u00e4ren. GRI ist ein Zweig der Vereinten Nationen f\u00fcr Israel.Die vereinten Nationen von Israel, eine relativ &#8230; <\/p>\n<div><a href=\"https:\/\/www.against-antisemitism.com\/de\/uber-gri\/\" class=\"more-link\">Read More<\/a><\/div>\n","protected":false},"author":1,"featured_media":0,"parent":0,"menu_order":0,"comment_status":"closed","ping_status":"closed","template":"template-blank-4.php","meta":{"give_campaign_id":0,"pmpro_default_level":"","footnotes":""},"class_list":["post-3159","page","type-page","status-publish","hentry","pmpro-has-access","no-post-thumbnail"],"campaignId":"","_links":{"self":[{"href":"https:\/\/www.against-antisemitism.com\/de\/wp-json\/wp\/v2\/pages\/3159","targetHints":{"allow":["GET"]}}],"collection":[{"href":"https:\/\/www.against-antisemitism.com\/de\/wp-json\/wp\/v2\/pages"}],"about":[{"href":"https:\/\/www.against-antisemitism.com\/de\/wp-json\/wp\/v2\/types\/page"}],"author":[{"embeddable":true,"href":"https:\/\/www.against-antisemitism.com\/de\/wp-json\/wp\/v2\/users\/1"}],"replies":[{"embeddable":true,"href":"https:\/\/www.against-antisemitism.com\/de\/wp-json\/wp\/v2\/comments?post=3159"}],"version-history":[{"count":8,"href":"https:\/\/www.against-antisemitism.com\/de\/wp-json\/wp\/v2\/pages\/3159\/revisions"}],"predecessor-version":[{"id":11068,"href":"https:\/\/www.against-antisemitism.com\/de\/wp-json\/wp\/v2\/pages\/3159\/revisions\/11068"}],"wp:attachment":[{"href":"https:\/\/www.against-antisemitism.com\/de\/wp-json\/wp\/v2\/media?parent=3159"}],"curies":[{"name":"wp","href":"https:\/\/api.w.org\/{rel}","templated":true}]}}