{"id":3180,"date":"2020-08-03T11:45:08","date_gmt":"2020-08-03T11:45:08","guid":{"rendered":"https:\/\/www.against-antisemitism.com\/home\/"},"modified":"2023-05-05T12:10:54","modified_gmt":"2023-05-05T12:10:54","slug":"startseite","status":"publish","type":"page","link":"https:\/\/www.against-antisemitism.com\/de\/","title":{"rendered":"Startseite"},"content":{"rendered":"<div id=\"cs-content\" class=\"cs-content\"><\/div>\n","protected":false},"excerpt":{"rendered":"<p>Die f\u00fchrende Schulungsplattform, wenn es darum geht, die L\u00fcgen des religi\u00f6sen Antisemitismus zu entlarven.2016 verglich der Erzbischof von Canterbury, Justin Welby, den Antisemitismus mit einem &#8220;Virus&#8221; und f\u00fcgte hinzu: &#8220;Es ist eine besch\u00e4mende Wahrheit, dass die Kirche, die ein Gegenmittel h\u00e4tte anbieten m\u00fcssen, durch ihre theologischen Lehren die Ausbreitung dieses Virus gef\u00f6rdert hat.&#8221; \u2013\u00a0Telegraph.co.ukTreten Sie durch 12 Tore ein und &#8230; <\/p>\n<div><a href=\"https:\/\/www.against-antisemitism.com\/de\/\" class=\"more-link\">Read More<\/a><\/div>\n","protected":false},"author":1,"featured_media":0,"parent":0,"menu_order":0,"comment_status":"closed","ping_status":"closed","template":"template-blank-4.php","meta":{"give_campaign_id":0,"pmpro_default_level":"","footnotes":""},"class_list":["post-3180","page","type-page","status-publish","hentry","pmpro-has-access","no-post-thumbnail"],"campaignId":"","_links":{"self":[{"href":"https:\/\/www.against-antisemitism.com\/de\/wp-json\/wp\/v2\/pages\/3180","targetHints":{"allow":["GET"]}}],"collection":[{"href":"https:\/\/www.against-antisemitism.com\/de\/wp-json\/wp\/v2\/pages"}],"about":[{"href":"https:\/\/www.against-antisemitism.com\/de\/wp-json\/wp\/v2\/types\/page"}],"author":[{"embeddable":true,"href":"https:\/\/www.against-antisemitism.com\/de\/wp-json\/wp\/v2\/users\/1"}],"replies":[{"embeddable":true,"href":"https:\/\/www.against-antisemitism.com\/de\/wp-json\/wp\/v2\/comments?post=3180"}],"version-history":[{"count":28,"href":"https:\/\/www.against-antisemitism.com\/de\/wp-json\/wp\/v2\/pages\/3180\/revisions"}],"predecessor-version":[{"id":11309,"href":"https:\/\/www.against-antisemitism.com\/de\/wp-json\/wp\/v2\/pages\/3180\/revisions\/11309"}],"wp:attachment":[{"href":"https:\/\/www.against-antisemitism.com\/de\/wp-json\/wp\/v2\/media?parent=3180"}],"curies":[{"name":"wp","href":"https:\/\/api.w.org\/{rel}","templated":true}]}}