{"id":3184,"date":"2020-03-23T22:57:41","date_gmt":"2020-03-23T22:57:41","guid":{"rendered":"https:\/\/www.against-antisemitism.com\/mission\/"},"modified":"2023-04-02T10:33:05","modified_gmt":"2023-04-02T10:33:05","slug":"ziele","status":"publish","type":"page","link":"https:\/\/www.against-antisemitism.com\/de\/ziele\/","title":{"rendered":"Ziele"},"content":{"rendered":"<div id=\"cs-content\" class=\"cs-content\"><\/div>\n","protected":false},"excerpt":{"rendered":"<p>Ziele Ich will segnen, die dich segnen, und verfluchen, die dir fluchen. Alle V\u00f6lker der Erde werden durch dich gesegnet sein.1. Mose 12:3Basierend auf 1. Mose 12:3 ist GRI eine erstklassige Schulungsplattform, die Hass gegen das j\u00fcdische Volk, der seinen Grund in der Ersatztheologie hat, aufdeckt.GRI entlarvt das f\u00fcnfk\u00f6pfige Ungeheuer des Antisemitismus und lehrt die Menschen, wie man es zerst\u00f6ren &#8230; <\/p>\n<div><a href=\"https:\/\/www.against-antisemitism.com\/de\/ziele\/\" class=\"more-link\">Read More<\/a><\/div>\n","protected":false},"author":1,"featured_media":0,"parent":0,"menu_order":0,"comment_status":"closed","ping_status":"closed","template":"template-blank-4.php","meta":{"give_campaign_id":0,"pmpro_default_level":"","footnotes":""},"class_list":["post-3184","page","type-page","status-publish","hentry","pmpro-has-access","no-post-thumbnail"],"campaignId":"","_links":{"self":[{"href":"https:\/\/www.against-antisemitism.com\/de\/wp-json\/wp\/v2\/pages\/3184","targetHints":{"allow":["GET"]}}],"collection":[{"href":"https:\/\/www.against-antisemitism.com\/de\/wp-json\/wp\/v2\/pages"}],"about":[{"href":"https:\/\/www.against-antisemitism.com\/de\/wp-json\/wp\/v2\/types\/page"}],"author":[{"embeddable":true,"href":"https:\/\/www.against-antisemitism.com\/de\/wp-json\/wp\/v2\/users\/1"}],"replies":[{"embeddable":true,"href":"https:\/\/www.against-antisemitism.com\/de\/wp-json\/wp\/v2\/comments?post=3184"}],"version-history":[{"count":6,"href":"https:\/\/www.against-antisemitism.com\/de\/wp-json\/wp\/v2\/pages\/3184\/revisions"}],"predecessor-version":[{"id":11074,"href":"https:\/\/www.against-antisemitism.com\/de\/wp-json\/wp\/v2\/pages\/3184\/revisions\/11074"}],"wp:attachment":[{"href":"https:\/\/www.against-antisemitism.com\/de\/wp-json\/wp\/v2\/media?parent=3184"}],"curies":[{"name":"wp","href":"https:\/\/api.w.org\/{rel}","templated":true}]}}