{"id":1402,"date":"2020-08-03T11:45:08","date_gmt":"2020-08-03T11:45:08","guid":{"rendered":"https:\/\/www.against-antisemitism.com\/home-new\/"},"modified":"2023-05-05T12:28:03","modified_gmt":"2023-05-05T12:28:03","slug":"home-new","status":"publish","type":"page","link":"https:\/\/www.against-antisemitism.com\/es\/","title":{"rendered":"Principal"},"content":{"rendered":"<div id=\"cs-content\" class=\"cs-content\"><\/div>\n","protected":false},"excerpt":{"rendered":"<p>La primera plataforma de entrenamiento para exponer las mentiras del antisemitismo religioso.&#8221;En 2016 el Arzobispo de Canterbury, Justin Welby, compar\u00f3 el antisemitismo con un &#8216;virus&#8217;, a\u00f1adiendo que &#8216;es una vergonzosa verdad que, a trav\u00e9s de sus ense\u00f1anzas teol\u00f3gicas, la iglesia, que deber\u00eda haber ofrecido un ant\u00eddoto, agrav\u00f3 la propagaci\u00f3n de este virus.&#8217;\u201d \u2013\u00a0Telegraph.co.ukEntra a trav\u00e9s de 12 puertas de revelaci\u00f3n &#8230; <\/p>\n<div><a href=\"https:\/\/www.against-antisemitism.com\/es\/\" class=\"more-link\">Read More<\/a><\/div>\n","protected":false},"author":1,"featured_media":0,"parent":0,"menu_order":0,"comment_status":"closed","ping_status":"closed","template":"template-blank-4.php","meta":{"give_campaign_id":0,"pmpro_default_level":"","footnotes":""},"class_list":["post-1402","page","type-page","status-publish","hentry","pmpro-has-access","no-post-thumbnail"],"campaignId":"","_links":{"self":[{"href":"https:\/\/www.against-antisemitism.com\/es\/wp-json\/wp\/v2\/pages\/1402","targetHints":{"allow":["GET"]}}],"collection":[{"href":"https:\/\/www.against-antisemitism.com\/es\/wp-json\/wp\/v2\/pages"}],"about":[{"href":"https:\/\/www.against-antisemitism.com\/es\/wp-json\/wp\/v2\/types\/page"}],"author":[{"embeddable":true,"href":"https:\/\/www.against-antisemitism.com\/es\/wp-json\/wp\/v2\/users\/1"}],"replies":[{"embeddable":true,"href":"https:\/\/www.against-antisemitism.com\/es\/wp-json\/wp\/v2\/comments?post=1402"}],"version-history":[{"count":27,"href":"https:\/\/www.against-antisemitism.com\/es\/wp-json\/wp\/v2\/pages\/1402\/revisions"}],"predecessor-version":[{"id":11315,"href":"https:\/\/www.against-antisemitism.com\/es\/wp-json\/wp\/v2\/pages\/1402\/revisions\/11315"}],"wp:attachment":[{"href":"https:\/\/www.against-antisemitism.com\/es\/wp-json\/wp\/v2\/media?parent=1402"}],"curies":[{"name":"wp","href":"https:\/\/api.w.org\/{rel}","templated":true}]}}