{"id":1431,"date":"2020-06-04T22:08:13","date_gmt":"2020-06-04T22:08:13","guid":{"rendered":"https:\/\/www.against-antisemitism.com\/the-book\/"},"modified":"2023-05-05T12:43:09","modified_gmt":"2023-05-05T12:43:09","slug":"el-libro","status":"publish","type":"page","link":"https:\/\/www.against-antisemitism.com\/es\/el-libro\/","title":{"rendered":"El Libro"},"content":{"rendered":"<div id=\"cs-content\" class=\"cs-content\"><\/div>\n","protected":false},"excerpt":{"rendered":"<p>El Robo de Identidad (Edici\u00f3n en papel) Reserva* una copia impresa del libro por una donaci\u00f3n m\u00ednima de US$27 o m\u00e1s, y obt\u00e9n acceso GRATUITO al curso en l\u00ednea basado en el libro. Conoce al Mes\u00edas jud\u00edo en toda Su gloria. Derrota al monstruo de la teolog\u00eda del reemplazo Regresa a la unci\u00f3n del primer siglo. Conoce la historia del &#8230; <\/p>\n<div><a href=\"https:\/\/www.against-antisemitism.com\/es\/the-book\/libro-electronico-el-robo-de-identidad\/\" class=\"more-link\">Read More<\/a><\/div>\n","protected":false},"author":1,"featured_media":0,"parent":0,"menu_order":0,"comment_status":"closed","ping_status":"closed","template":"template-blank-4.php","meta":{"give_campaign_id":0,"pmpro_default_level":"","footnotes":""},"class_list":["post-1431","page","type-page","status-publish","hentry","pmpro-has-access","no-post-thumbnail"],"campaignId":"","_links":{"self":[{"href":"https:\/\/www.against-antisemitism.com\/es\/wp-json\/wp\/v2\/pages\/1431","targetHints":{"allow":["GET"]}}],"collection":[{"href":"https:\/\/www.against-antisemitism.com\/es\/wp-json\/wp\/v2\/pages"}],"about":[{"href":"https:\/\/www.against-antisemitism.com\/es\/wp-json\/wp\/v2\/types\/page"}],"author":[{"embeddable":true,"href":"https:\/\/www.against-antisemitism.com\/es\/wp-json\/wp\/v2\/users\/1"}],"replies":[{"embeddable":true,"href":"https:\/\/www.against-antisemitism.com\/es\/wp-json\/wp\/v2\/comments?post=1431"}],"version-history":[{"count":23,"href":"https:\/\/www.against-antisemitism.com\/es\/wp-json\/wp\/v2\/pages\/1431\/revisions"}],"predecessor-version":[{"id":11339,"href":"https:\/\/www.against-antisemitism.com\/es\/wp-json\/wp\/v2\/pages\/1431\/revisions\/11339"}],"wp:attachment":[{"href":"https:\/\/www.against-antisemitism.com\/es\/wp-json\/wp\/v2\/media?parent=1431"}],"curies":[{"name":"wp","href":"https:\/\/api.w.org\/{rel}","templated":true}]}}