{"id":1438,"date":"2020-06-04T22:03:30","date_gmt":"2020-06-04T22:03:30","guid":{"rendered":"https:\/\/www.against-antisemitism.com\/course-content\/"},"modified":"2021-01-17T20:53:33","modified_gmt":"2021-01-17T20:53:33","slug":"contenido-del-curso","status":"publish","type":"page","link":"https:\/\/www.against-antisemitism.com\/es\/contenido-del-curso\/","title":{"rendered":"Contenido del Curso"},"content":{"rendered":"<div id=\"cs-content\" class=\"cs-content\"><\/div>\n","protected":false},"excerpt":{"rendered":"<p>Contenido del Curso PARTE 1: INTRODUCCI\u00d3N Puerta 1: El Fruto Venenoso del Robo de Identidad V\u00eddeo 1: La Conexion Cristiana con el Holocausto Nazi \u2013 A V\u00eddeo 2: La Conexion Cristiana con el Holocausto Nazi \u2013 B Puerta 2: Matar en el nombre de Cristo V\u00eddeo 1: Combatiendo la Teolog\u00eda del Reemplazo V\u00eddeo 2: Una Encrucijada del Tiempo \u2013 A &#8230; <\/p>\n<div><a href=\"https:\/\/www.against-antisemitism.com\/es\/contenido-del-curso\/\" class=\"more-link\">Read More<\/a><\/div>\n","protected":false},"author":1,"featured_media":0,"parent":0,"menu_order":0,"comment_status":"closed","ping_status":"closed","template":"template-blank-4.php","meta":{"give_campaign_id":0,"pmpro_default_level":"","footnotes":""},"class_list":["post-1438","page","type-page","status-publish","hentry","pmpro-has-access","no-post-thumbnail"],"campaignId":"","_links":{"self":[{"href":"https:\/\/www.against-antisemitism.com\/es\/wp-json\/wp\/v2\/pages\/1438","targetHints":{"allow":["GET"]}}],"collection":[{"href":"https:\/\/www.against-antisemitism.com\/es\/wp-json\/wp\/v2\/pages"}],"about":[{"href":"https:\/\/www.against-antisemitism.com\/es\/wp-json\/wp\/v2\/types\/page"}],"author":[{"embeddable":true,"href":"https:\/\/www.against-antisemitism.com\/es\/wp-json\/wp\/v2\/users\/1"}],"replies":[{"embeddable":true,"href":"https:\/\/www.against-antisemitism.com\/es\/wp-json\/wp\/v2\/comments?post=1438"}],"version-history":[{"count":21,"href":"https:\/\/www.against-antisemitism.com\/es\/wp-json\/wp\/v2\/pages\/1438\/revisions"}],"predecessor-version":[{"id":6941,"href":"https:\/\/www.against-antisemitism.com\/es\/wp-json\/wp\/v2\/pages\/1438\/revisions\/6941"}],"wp:attachment":[{"href":"https:\/\/www.against-antisemitism.com\/es\/wp-json\/wp\/v2\/media?parent=1438"}],"curies":[{"name":"wp","href":"https:\/\/api.w.org\/{rel}","templated":true}]}}