{"id":1534,"date":"2020-03-23T18:08:02","date_gmt":"2020-03-23T18:08:02","guid":{"rendered":"https:\/\/www.against-antisemitism.com\/my-account\/"},"modified":"2020-10-22T21:21:02","modified_gmt":"2020-10-22T21:21:02","slug":"mi-cuenta","status":"publish","type":"page","link":"https:\/\/www.against-antisemitism.com\/es\/mi-cuenta\/","title":{"rendered":"Mi cuenta"},"content":{"rendered":"<div id=\"cs-content\" class=\"cs-content\"><\/div>\n","protected":false},"excerpt":{"rendered":"<p>Mi cuenta \u00bfYa tienes el libro? \u00a1Comienza a estudiar!\u00bfYa tienes el libro? \u00a1Comienza a estudiar! Escritorio Pedidos Descargas Direcciones M\u00e9todos de pago Detalles de la cuenta Salir Hola Wiktor Bierkowski (\u00bfno eres Wiktor Bierkowski? Cerrar sesi\u00f3n) Desde el escritorio de tu cuenta puedes ver tus pedidos recientes, gestionar tus direcciones de env\u00edo y facturaci\u00f3n y editar tu contrase\u00f1a y los &#8230; <\/p>\n<div><a href=\"https:\/\/www.against-antisemitism.com\/es\/mi-cuenta\/\" class=\"more-link\">Read More<\/a><\/div>\n","protected":false},"author":1,"featured_media":0,"parent":0,"menu_order":0,"comment_status":"closed","ping_status":"closed","template":"template-blank-4.php","meta":{"give_campaign_id":0,"pmpro_default_level":"","footnotes":""},"class_list":["post-1534","page","type-page","status-publish","hentry","pmpro-has-access","no-post-thumbnail"],"campaignId":"","_links":{"self":[{"href":"https:\/\/www.against-antisemitism.com\/es\/wp-json\/wp\/v2\/pages\/1534","targetHints":{"allow":["GET"]}}],"collection":[{"href":"https:\/\/www.against-antisemitism.com\/es\/wp-json\/wp\/v2\/pages"}],"about":[{"href":"https:\/\/www.against-antisemitism.com\/es\/wp-json\/wp\/v2\/types\/page"}],"author":[{"embeddable":true,"href":"https:\/\/www.against-antisemitism.com\/es\/wp-json\/wp\/v2\/users\/1"}],"replies":[{"embeddable":true,"href":"https:\/\/www.against-antisemitism.com\/es\/wp-json\/wp\/v2\/comments?post=1534"}],"version-history":[{"count":5,"href":"https:\/\/www.against-antisemitism.com\/es\/wp-json\/wp\/v2\/pages\/1534\/revisions"}],"predecessor-version":[{"id":5191,"href":"https:\/\/www.against-antisemitism.com\/es\/wp-json\/wp\/v2\/pages\/1534\/revisions\/5191"}],"wp:attachment":[{"href":"https:\/\/www.against-antisemitism.com\/es\/wp-json\/wp\/v2\/media?parent=1534"}],"curies":[{"name":"wp","href":"https:\/\/api.w.org\/{rel}","templated":true}]}}