{"id":4548,"date":"2020-09-30T20:02:54","date_gmt":"2020-09-30T20:02:54","guid":{"rendered":"https:\/\/www.against-antisemitism.com\/el-libro\/reach-out-to-others\/"},"modified":"2020-10-11T13:39:46","modified_gmt":"2020-10-11T13:39:46","slug":"alcanza-a-otros","status":"publish","type":"page","link":"https:\/\/www.against-antisemitism.com\/es\/el-libro\/alcanza-a-otros\/","title":{"rendered":"Alcanza a otros"},"content":{"rendered":"<div id=\"cs-content\" class=\"cs-content\"><\/div>\n","protected":false},"excerpt":{"rendered":"<p>Alcanza a otros Haz una donaci\u00f3n y regala el libro + el curso GRATUITO: $17 por un Libro Electr\u00f3nico, y $27 por un libro en papel. Costo de env\u00edo: EE. UU. &#8211; $3.50 Internacional &#8211; $22 Instrucciones Sobre C\u00f3mo Donar: Selecciona el importe de la tarjeta de regalo y escribe la(s) direcci\u00f3n(es) de correo electr\u00f3nico de las personas a las &#8230; <\/p>\n<div><a href=\"https:\/\/www.against-antisemitism.com\/es\/the-book\/alcanza-a-otros\/\" class=\"more-link\">Read More<\/a><\/div>\n","protected":false},"author":1,"featured_media":0,"parent":1431,"menu_order":0,"comment_status":"closed","ping_status":"closed","template":"template-blank-4.php","meta":{"give_campaign_id":0,"pmpro_default_level":"","footnotes":""},"class_list":["post-4548","page","type-page","status-publish","hentry","pmpro-has-access","no-post-thumbnail"],"campaignId":"","_links":{"self":[{"href":"https:\/\/www.against-antisemitism.com\/es\/wp-json\/wp\/v2\/pages\/4548","targetHints":{"allow":["GET"]}}],"collection":[{"href":"https:\/\/www.against-antisemitism.com\/es\/wp-json\/wp\/v2\/pages"}],"about":[{"href":"https:\/\/www.against-antisemitism.com\/es\/wp-json\/wp\/v2\/types\/page"}],"author":[{"embeddable":true,"href":"https:\/\/www.against-antisemitism.com\/es\/wp-json\/wp\/v2\/users\/1"}],"replies":[{"embeddable":true,"href":"https:\/\/www.against-antisemitism.com\/es\/wp-json\/wp\/v2\/comments?post=4548"}],"version-history":[{"count":6,"href":"https:\/\/www.against-antisemitism.com\/es\/wp-json\/wp\/v2\/pages\/4548\/revisions"}],"predecessor-version":[{"id":5100,"href":"https:\/\/www.against-antisemitism.com\/es\/wp-json\/wp\/v2\/pages\/4548\/revisions\/5100"}],"up":[{"embeddable":true,"href":"https:\/\/www.against-antisemitism.com\/es\/wp-json\/wp\/v2\/pages\/1431"}],"wp:attachment":[{"href":"https:\/\/www.against-antisemitism.com\/es\/wp-json\/wp\/v2\/media?parent=4548"}],"curies":[{"name":"wp","href":"https:\/\/api.w.org\/{rel}","templated":true}]}}