{"id":1429,"date":"2020-06-06T18:14:43","date_gmt":"2020-06-06T18:14:43","guid":{"rendered":"https:\/\/www.against-antisemitism.com\/product\/dona-y-envia-como-regalo\/"},"modified":"2021-06-23T17:15:23","modified_gmt":"2021-06-23T17:15:23","slug":"alcanza-a-otros","status":"publish","type":"product","link":"https:\/\/www.against-antisemitism.com\/es\/the-book\/alcanza-a-otros\/","title":{"rendered":"Alcanza a otros"},"content":{"rendered":"","protected":false},"excerpt":{"rendered":"<h4><strong>Haz una donaci\u00f3n y regala el libro + el curso GRATUITO:<\/strong> <strong><span style=\"color: #ee4646;\">$17<\/span><\/strong> por un Libro Electr\u00f3nico, y <strong><span style=\"color: #ee4646;\">$27<\/span><\/strong> por un libro en papel.<\/h4>\n<p><strong>Costo de env\u00edo:<\/strong><br \/>\nEE. UU. &#8211; $3.50<br \/>\nInternacional &#8211; $22<\/p>\n<p><strong>Instrucciones Sobre C\u00f3mo Donar:<\/strong><\/p>\n<p>Selecciona el importe de la tarjeta de regalo y escribe la(s) direcci\u00f3n(es) de correo electr\u00f3nico de las personas a las que vas a enviar el libro y el acceso al curso. Por favor, separa los correos electr\u00f3nicos con una coma. La cifra se actualizar\u00e1 autom\u00e1ticamente. Despu\u00e9s de un pago exitoso, enviaremos un correo electr\u00f3nico con el c\u00f3digo de regalo y las instrucciones para aplicar el c\u00f3digo de regalo a cada direcci\u00f3n de correo electr\u00f3nico.<\/p>\n<p>Cuando ordenes el libro impreso o el libro digital para regalo, se enviar\u00e1 una tarjeta de regalo a la direcci\u00f3n de correo electr\u00f3nico de tu amigo(s). La tarjeta de regalo tiene un enlace para canjear el libro y el curso.<\/p>\n<p><strong>Importe de la tarjeta de regalo:<\/strong><br \/>\nUS$17 (Libro electr\u00f3nico + Curso)<br \/>\nUS$30.50 (Libro impreso + Curso y gastos de env\u00edo dentro de los EE. UU.)<br \/>\nUS$48 (libro impreso en estonio\/ruso y env\u00edo fuera de EE.UU.)<br \/>\nUS$49 (Libro impreso + Curso y gastos de env\u00edo fuera de los EE. UU.)<\/p>\n","protected":false},"featured_media":2722,"template":"","meta":{"give_campaign_id":0,"pmpro_default_level":""},"product_brand":[],"product_cat":[61],"product_tag":[],"class_list":{"0":"post-1429","1":"product","2":"type-product","3":"status-publish","4":"has-post-thumbnail","6":"product_cat-libros","7":"pmpro-has-access","10":"first","11":"instock","12":"purchasable","13":"product-type-pw-gift-card"},"_links":{"self":[{"href":"https:\/\/www.against-antisemitism.com\/es\/wp-json\/wp\/v2\/product\/1429","targetHints":{"allow":["GET"]}}],"collection":[{"href":"https:\/\/www.against-antisemitism.com\/es\/wp-json\/wp\/v2\/product"}],"about":[{"href":"https:\/\/www.against-antisemitism.com\/es\/wp-json\/wp\/v2\/types\/product"}],"wp:featuredmedia":[{"embeddable":true,"href":"https:\/\/www.against-antisemitism.com\/es\/wp-json\/wp\/v2\/media\/2722"}],"wp:attachment":[{"href":"https:\/\/www.against-antisemitism.com\/es\/wp-json\/wp\/v2\/media?parent=1429"}],"wp:term":[{"taxonomy":"product_brand","embeddable":true,"href":"https:\/\/www.against-antisemitism.com\/es\/wp-json\/wp\/v2\/product_brand?post=1429"},{"taxonomy":"product_cat","embeddable":true,"href":"https:\/\/www.against-antisemitism.com\/es\/wp-json\/wp\/v2\/product_cat?post=1429"},{"taxonomy":"product_tag","embeddable":true,"href":"https:\/\/www.against-antisemitism.com\/es\/wp-json\/wp\/v2\/product_tag?post=1429"}],"curies":[{"name":"wp","href":"https:\/\/api.w.org\/{rel}","templated":true}]}}