{"id":1751,"date":"2020-08-13T15:48:27","date_gmt":"2020-08-13T15:48:27","guid":{"rendered":"https:\/\/www.against-antisemitism.com\/?post_type=product&#038;p=1751"},"modified":"2022-04-10T14:52:08","modified_gmt":"2022-04-10T14:52:08","slug":"el-robo-de-identidad-edicion-en-papel","status":"publish","type":"product","link":"https:\/\/www.against-antisemitism.com\/es\/the-book\/el-robo-de-identidad-edicion-en-papel\/","title":{"rendered":"El Robo de Identidad (Edici\u00f3n en papel)"},"content":{"rendered":"","protected":false},"excerpt":{"rendered":"<h4><strong>Reserva* una copia impresa del libro<\/strong> por una donaci\u00f3n m\u00ednima de <strong><span style=\"color: #ee4646;\">US$27<\/span><\/strong> o m\u00e1s, y obt\u00e9n <strong>acceso GRATUITO<\/strong> al curso en l\u00ednea basado en el libro.<\/h4>\n<ul>\n<li>Conoce al Mes\u00edas jud\u00edo en toda Su gloria.<\/li>\n<li>Derrota al monstruo de la teolog\u00eda del reemplazo<\/li>\n<li>Regresa a la unci\u00f3n del primer siglo.<\/li>\n<li>Conoce la historia del antisemitismo cristiano.<\/li>\n<li><strong><span style=\"color: #ee4646;\">Obt\u00e9n acceso al curso en l\u00ednea basado en el libro.<\/span><\/strong>.<\/li>\n<\/ul>\n<p>*Dependiendo de tu ubicaci\u00f3n, puedes esperar recibir el libro dentro de 2 a 4 semanas despu\u00e9s de haberlo ordenado.<\/p>\n<p>Para pedidos al por mayor, por favor comun\u00edquese con <a href=\"mailto:info@against-antisemitism.com\">info@against-antisemitism.com<\/a> (el costo de env\u00edo para pedidos al por mayor depender\u00e1 del m\u00e9todo de env\u00edo)<\/p>\n<p>Ordering more than one book will only unlock course access for one email.<\/p>\n","protected":false},"featured_media":2708,"template":"","meta":{"give_campaign_id":0,"pmpro_default_level":""},"product_brand":[],"product_cat":[61],"product_tag":[],"class_list":{"0":"post-1751","1":"product","2":"type-product","3":"status-publish","4":"has-post-thumbnail","6":"product_cat-libros","7":"pmpro-has-access","10":"first","11":"instock","12":"shipping-taxable","13":"purchasable","14":"product-type-variable","15":"nyp-product"},"_links":{"self":[{"href":"https:\/\/www.against-antisemitism.com\/es\/wp-json\/wp\/v2\/product\/1751","targetHints":{"allow":["GET"]}}],"collection":[{"href":"https:\/\/www.against-antisemitism.com\/es\/wp-json\/wp\/v2\/product"}],"about":[{"href":"https:\/\/www.against-antisemitism.com\/es\/wp-json\/wp\/v2\/types\/product"}],"wp:featuredmedia":[{"embeddable":true,"href":"https:\/\/www.against-antisemitism.com\/es\/wp-json\/wp\/v2\/media\/2708"}],"wp:attachment":[{"href":"https:\/\/www.against-antisemitism.com\/es\/wp-json\/wp\/v2\/media?parent=1751"}],"wp:term":[{"taxonomy":"product_brand","embeddable":true,"href":"https:\/\/www.against-antisemitism.com\/es\/wp-json\/wp\/v2\/product_brand?post=1751"},{"taxonomy":"product_cat","embeddable":true,"href":"https:\/\/www.against-antisemitism.com\/es\/wp-json\/wp\/v2\/product_cat?post=1751"},{"taxonomy":"product_tag","embeddable":true,"href":"https:\/\/www.against-antisemitism.com\/es\/wp-json\/wp\/v2\/product_tag?post=1751"}],"curies":[{"name":"wp","href":"https:\/\/api.w.org\/{rel}","templated":true}]}}