{"id":3152,"date":"2020-03-23T22:57:19","date_gmt":"2020-03-23T22:57:19","guid":{"rendered":"https:\/\/www.against-antisemitism.com\/about\/"},"modified":"2021-05-10T19:26:55","modified_gmt":"2021-05-10T19:26:55","slug":"meist","status":"publish","type":"page","link":"https:\/\/www.against-antisemitism.com\/et\/meist\/","title":{"rendered":"Meist"},"content":{"rendered":"<div id=\"cs-content\" class=\"cs-content\"><\/div>\n","protected":false},"excerpt":{"rendered":"<p>Meist GRI, antisemitismi vastu v\u00f5itlemise Globaalne \u00dcmber\u00f5ppe Initsiatiiv, on uhiuus organisatsioon, mis propageerib Messia juudi identiteeti, et juurida v\u00e4lja kristlik antisemitism. Me teeme seda harides inimesi ajalooliste, poliitiliste ja piibellike t\u00f5dede kaudu. GRI on \u00dchinenud Rahvad Iisraeli Eest k\u00f5rvalharu.\u00dchinenud Rahvad Iisraeli Eest, on suhteliselt uus organisatsioon, mille missiooniks on muuta rahvad lammas-rahvaiks (Mt 25:32 kohaselt), \u00fcks inimene korraga. GRI visioon &#8230; <\/p>\n<div><a href=\"https:\/\/www.against-antisemitism.com\/et\/meist\/\" class=\"more-link\">Read More<\/a><\/div>\n","protected":false},"author":1,"featured_media":0,"parent":0,"menu_order":0,"comment_status":"closed","ping_status":"closed","template":"template-blank-4.php","meta":{"give_campaign_id":0,"pmpro_default_level":"","footnotes":""},"class_list":["post-3152","page","type-page","status-publish","hentry","pmpro-has-access","no-post-thumbnail"],"campaignId":"","_links":{"self":[{"href":"https:\/\/www.against-antisemitism.com\/et\/wp-json\/wp\/v2\/pages\/3152","targetHints":{"allow":["GET"]}}],"collection":[{"href":"https:\/\/www.against-antisemitism.com\/et\/wp-json\/wp\/v2\/pages"}],"about":[{"href":"https:\/\/www.against-antisemitism.com\/et\/wp-json\/wp\/v2\/types\/page"}],"author":[{"embeddable":true,"href":"https:\/\/www.against-antisemitism.com\/et\/wp-json\/wp\/v2\/users\/1"}],"replies":[{"embeddable":true,"href":"https:\/\/www.against-antisemitism.com\/et\/wp-json\/wp\/v2\/comments?post=3152"}],"version-history":[{"count":6,"href":"https:\/\/www.against-antisemitism.com\/et\/wp-json\/wp\/v2\/pages\/3152\/revisions"}],"predecessor-version":[{"id":8575,"href":"https:\/\/www.against-antisemitism.com\/et\/wp-json\/wp\/v2\/pages\/3152\/revisions\/8575"}],"wp:attachment":[{"href":"https:\/\/www.against-antisemitism.com\/et\/wp-json\/wp\/v2\/media?parent=3152"}],"curies":[{"name":"wp","href":"https:\/\/api.w.org\/{rel}","templated":true}]}}