{"id":3161,"date":"2020-03-23T22:58:43","date_gmt":"2020-03-23T22:58:43","guid":{"rendered":"https:\/\/www.against-antisemitism.com\/contact\/"},"modified":"2021-03-03T16:32:00","modified_gmt":"2021-03-03T16:32:00","slug":"kontakt","status":"publish","type":"page","link":"https:\/\/www.against-antisemitism.com\/et\/kontakt\/","title":{"rendered":"Kontakt"},"content":{"rendered":"<div id=\"cs-content\" class=\"cs-content\"><\/div>\n","protected":false},"excerpt":{"rendered":"<p>Kontakt V\u00f5ta meiega \u00fchendust: 52 Tuscan Way, Ste 202-412 St. Augustine, FL, 32092 USA +1 904 671 8490 info@against-antisemitism.comMeil oleks hea meel sinust kuulda Palun saada meile oma k\u00fcsimused, kommentaarid v\u00f5i mured aadressile info@against-antisemitism.comV\u00f5ta \u00fchendust: Sinu nimi (n\u00f5utud) E-posti aadress (n\u00f5utud) Sinu riik (n\u00f5utud) Sinu s\u00f5num 13+8=?<\/p>\n","protected":false},"author":1,"featured_media":0,"parent":0,"menu_order":0,"comment_status":"closed","ping_status":"closed","template":"template-blank-4.php","meta":{"give_campaign_id":0,"pmpro_default_level":"","footnotes":""},"class_list":["post-3161","page","type-page","status-publish","hentry","pmpro-has-access","no-post-thumbnail"],"campaignId":"","_links":{"self":[{"href":"https:\/\/www.against-antisemitism.com\/et\/wp-json\/wp\/v2\/pages\/3161","targetHints":{"allow":["GET"]}}],"collection":[{"href":"https:\/\/www.against-antisemitism.com\/et\/wp-json\/wp\/v2\/pages"}],"about":[{"href":"https:\/\/www.against-antisemitism.com\/et\/wp-json\/wp\/v2\/types\/page"}],"author":[{"embeddable":true,"href":"https:\/\/www.against-antisemitism.com\/et\/wp-json\/wp\/v2\/users\/1"}],"replies":[{"embeddable":true,"href":"https:\/\/www.against-antisemitism.com\/et\/wp-json\/wp\/v2\/comments?post=3161"}],"version-history":[{"count":6,"href":"https:\/\/www.against-antisemitism.com\/et\/wp-json\/wp\/v2\/pages\/3161\/revisions"}],"predecessor-version":[{"id":8250,"href":"https:\/\/www.against-antisemitism.com\/et\/wp-json\/wp\/v2\/pages\/3161\/revisions\/8250"}],"wp:attachment":[{"href":"https:\/\/www.against-antisemitism.com\/et\/wp-json\/wp\/v2\/media?parent=3161"}],"curies":[{"name":"wp","href":"https:\/\/api.w.org\/{rel}","templated":true}]}}