{"id":3168,"date":"2020-06-04T22:03:30","date_gmt":"2020-06-04T22:03:30","guid":{"rendered":"https:\/\/www.against-antisemitism.com\/course-content\/"},"modified":"2021-01-17T20:50:22","modified_gmt":"2021-01-17T20:50:22","slug":"kursuse-sisu","status":"publish","type":"page","link":"https:\/\/www.against-antisemitism.com\/et\/kursuse-sisu\/","title":{"rendered":"Kursuse sisu"},"content":{"rendered":"<div id=\"cs-content\" class=\"cs-content\"><\/div>\n","protected":false},"excerpt":{"rendered":"<p>Kursuse sisu 1. OSA: SISSEJUHATUS V\u00e4rav 1: Identiteedivarguse m\u00fcrgine vili Video 1: Kristluse seos natside holokaustiga &#8211; A Video 2: Kristluse seos natside holokaustiga &#8211; B V\u00e4rav 2: Tapmine Kristuse nimel Video 1: V\u00f5itlus asendusteoloogiaga Video 2: Ajastu ristteel &#8211; A Video 3: Ajastu ristteel &#8211; B V\u00e4rav 3: V\u00f5itlus viiepealise koletise vastu Video 1: Salarelv antisemitismi vastu &#8211; A &#8230; <\/p>\n<div><a href=\"https:\/\/www.against-antisemitism.com\/et\/kursuse-sisu\/\" class=\"more-link\">Read More<\/a><\/div>\n","protected":false},"author":1,"featured_media":0,"parent":0,"menu_order":0,"comment_status":"closed","ping_status":"closed","template":"template-blank-4.php","meta":{"give_campaign_id":0,"pmpro_default_level":"","footnotes":""},"class_list":["post-3168","page","type-page","status-publish","hentry","pmpro-has-access","no-post-thumbnail"],"campaignId":"","_links":{"self":[{"href":"https:\/\/www.against-antisemitism.com\/et\/wp-json\/wp\/v2\/pages\/3168","targetHints":{"allow":["GET"]}}],"collection":[{"href":"https:\/\/www.against-antisemitism.com\/et\/wp-json\/wp\/v2\/pages"}],"about":[{"href":"https:\/\/www.against-antisemitism.com\/et\/wp-json\/wp\/v2\/types\/page"}],"author":[{"embeddable":true,"href":"https:\/\/www.against-antisemitism.com\/et\/wp-json\/wp\/v2\/users\/1"}],"replies":[{"embeddable":true,"href":"https:\/\/www.against-antisemitism.com\/et\/wp-json\/wp\/v2\/comments?post=3168"}],"version-history":[{"count":8,"href":"https:\/\/www.against-antisemitism.com\/et\/wp-json\/wp\/v2\/pages\/3168\/revisions"}],"predecessor-version":[{"id":6938,"href":"https:\/\/www.against-antisemitism.com\/et\/wp-json\/wp\/v2\/pages\/3168\/revisions\/6938"}],"wp:attachment":[{"href":"https:\/\/www.against-antisemitism.com\/et\/wp-json\/wp\/v2\/media?parent=3168"}],"curies":[{"name":"wp","href":"https:\/\/api.w.org\/{rel}","templated":true}]}}