{"id":3182,"date":"2020-03-23T22:57:41","date_gmt":"2020-03-23T22:57:41","guid":{"rendered":"https:\/\/www.against-antisemitism.com\/mission\/"},"modified":"2020-10-24T21:08:36","modified_gmt":"2020-10-24T21:08:36","slug":"missioon","status":"publish","type":"page","link":"https:\/\/www.against-antisemitism.com\/et\/missioon\/","title":{"rendered":"Missioon"},"content":{"rendered":"<div id=\"cs-content\" class=\"cs-content\"><\/div>\n","protected":false},"excerpt":{"rendered":"<p>Missioon \u201cSiis ma \u00f5nnistan neid, kes sind \u00f5nnistavad, Panen vande alla need, kes sind neavad ja sinu nimel \u00f5nnistavad endid k\u00f5ik suguv\u00f5sad maa peal!\u201d(1Ms 12:3)1. Moosese 12:3 alusele rajatud GRI on eesrindlik \u00f5ppeplatvorm, mis paljastab asendusteoloogiasse juurdunud vihkamise juutide vastu.GRI paljastab viiepealise antisemitismi koletise ja \u00f5petab inimesi, kuidas see h\u00e4vitada. Nende peade eemaldamine taastab esimese sajandi Messia kogu kiriku jaoks.M\u00f5istke, &#8230; <\/p>\n<div><a href=\"https:\/\/www.against-antisemitism.com\/et\/missioon\/\" class=\"more-link\">Read More<\/a><\/div>\n","protected":false},"author":1,"featured_media":0,"parent":0,"menu_order":0,"comment_status":"closed","ping_status":"closed","template":"template-blank-4.php","meta":{"give_campaign_id":0,"pmpro_default_level":"","footnotes":""},"class_list":["post-3182","page","type-page","status-publish","hentry","pmpro-has-access","no-post-thumbnail"],"campaignId":"","_links":{"self":[{"href":"https:\/\/www.against-antisemitism.com\/et\/wp-json\/wp\/v2\/pages\/3182","targetHints":{"allow":["GET"]}}],"collection":[{"href":"https:\/\/www.against-antisemitism.com\/et\/wp-json\/wp\/v2\/pages"}],"about":[{"href":"https:\/\/www.against-antisemitism.com\/et\/wp-json\/wp\/v2\/types\/page"}],"author":[{"embeddable":true,"href":"https:\/\/www.against-antisemitism.com\/et\/wp-json\/wp\/v2\/users\/1"}],"replies":[{"embeddable":true,"href":"https:\/\/www.against-antisemitism.com\/et\/wp-json\/wp\/v2\/comments?post=3182"}],"version-history":[{"count":3,"href":"https:\/\/www.against-antisemitism.com\/et\/wp-json\/wp\/v2\/pages\/3182\/revisions"}],"predecessor-version":[{"id":5228,"href":"https:\/\/www.against-antisemitism.com\/et\/wp-json\/wp\/v2\/pages\/3182\/revisions\/5228"}],"wp:attachment":[{"href":"https:\/\/www.against-antisemitism.com\/et\/wp-json\/wp\/v2\/media?parent=3182"}],"curies":[{"name":"wp","href":"https:\/\/api.w.org\/{rel}","templated":true}]}}