{"id":3186,"date":"2020-03-23T18:08:02","date_gmt":"2020-03-23T18:08:02","guid":{"rendered":"https:\/\/www.against-antisemitism.com\/my-account\/"},"modified":"2020-11-17T23:46:00","modified_gmt":"2020-11-17T23:46:00","slug":"minu-konto","status":"publish","type":"page","link":"https:\/\/www.against-antisemitism.com\/et\/minu-konto\/","title":{"rendered":"Minu konto"},"content":{"rendered":"<div id=\"cs-content\" class=\"cs-content\"><\/div>\n","protected":false},"excerpt":{"rendered":"<p>Minu konto Kas sul on juba raamat? Kas sul on juba raamat? Hakka \u00f5ppima! T\u00f6\u00f6laud Tellimused Allalaadimised Aadressid Maksemeetodid Konto andmed V\u00e4ljalogimine Tere Wiktor Bierkowski (pole Wiktor Bierkowski? Logi v\u00e4lja) Oma konto t\u00f6\u00f6laualt n\u00e4ed enda hiljutisi tellimusi, saad hallata enda tarne ja maksmise aadresse ning muuta oma salas\u00f5na ja konto andmeid.<\/p>\n","protected":false},"author":1,"featured_media":0,"parent":0,"menu_order":0,"comment_status":"closed","ping_status":"closed","template":"template-blank-4.php","meta":{"give_campaign_id":0,"pmpro_default_level":"","footnotes":""},"class_list":["post-3186","page","type-page","status-publish","hentry","pmpro-has-access","no-post-thumbnail"],"campaignId":"","_links":{"self":[{"href":"https:\/\/www.against-antisemitism.com\/et\/wp-json\/wp\/v2\/pages\/3186","targetHints":{"allow":["GET"]}}],"collection":[{"href":"https:\/\/www.against-antisemitism.com\/et\/wp-json\/wp\/v2\/pages"}],"about":[{"href":"https:\/\/www.against-antisemitism.com\/et\/wp-json\/wp\/v2\/types\/page"}],"author":[{"embeddable":true,"href":"https:\/\/www.against-antisemitism.com\/et\/wp-json\/wp\/v2\/users\/1"}],"replies":[{"embeddable":true,"href":"https:\/\/www.against-antisemitism.com\/et\/wp-json\/wp\/v2\/comments?post=3186"}],"version-history":[{"count":3,"href":"https:\/\/www.against-antisemitism.com\/et\/wp-json\/wp\/v2\/pages\/3186\/revisions"}],"predecessor-version":[{"id":5762,"href":"https:\/\/www.against-antisemitism.com\/et\/wp-json\/wp\/v2\/pages\/3186\/revisions\/5762"}],"wp:attachment":[{"href":"https:\/\/www.against-antisemitism.com\/et\/wp-json\/wp\/v2\/media?parent=3186"}],"curies":[{"name":"wp","href":"https:\/\/api.w.org\/{rel}","templated":true}]}}