{"id":3190,"date":"2020-06-04T22:08:13","date_gmt":"2020-06-04T22:08:13","guid":{"rendered":"https:\/\/www.against-antisemitism.com\/the-book\/"},"modified":"2023-05-05T12:36:26","modified_gmt":"2023-05-05T12:36:26","slug":"raamat","status":"publish","type":"page","link":"https:\/\/www.against-antisemitism.com\/et\/raamat\/","title":{"rendered":"Raamat"},"content":{"rendered":"<div id=\"cs-content\" class=\"cs-content\"><\/div>\n","protected":false},"excerpt":{"rendered":"<p>Raamatut ja kursust sisaldav pakett Paberkandjal raamatut saab tellida* v\u00e4hemalt 26 USD suuruse annetuse eest, mis v\u00f5imaldab TASUTA ligip\u00e4\u00e4su raamatul p\u00f5hinevale veebikursusele. Kohtu juudi Messiaga kogu tema hiilguses. Alista asendusteoloogia koletis. Naase esimese sajandi v\u00f5idmise juurde. \u00d5pi kristliku antisemitismi ajalugu. Hangi juurdep\u00e4\u00e4s raamatul p\u00f5hinevale veebikursusele.. *S\u00f5ltuvalt sinu asukohast v\u00f5id raamatu k\u00e4tte saada 2\u20134 n\u00e4dala jooksul p\u00e4rast tellimuse esitamist. Hulgiostu korral &#8230; <\/p>\n<div><a href=\"https:\/\/www.against-antisemitism.com\/et\/the-book\/e-raamat-identiteedivargus\/\" class=\"more-link\">Read More<\/a><\/div>\n","protected":false},"author":1,"featured_media":0,"parent":0,"menu_order":0,"comment_status":"closed","ping_status":"closed","template":"template-blank-4.php","meta":{"give_campaign_id":0,"pmpro_default_level":"","footnotes":""},"class_list":["post-3190","page","type-page","status-publish","hentry","pmpro-has-access","no-post-thumbnail"],"campaignId":"","_links":{"self":[{"href":"https:\/\/www.against-antisemitism.com\/et\/wp-json\/wp\/v2\/pages\/3190","targetHints":{"allow":["GET"]}}],"collection":[{"href":"https:\/\/www.against-antisemitism.com\/et\/wp-json\/wp\/v2\/pages"}],"about":[{"href":"https:\/\/www.against-antisemitism.com\/et\/wp-json\/wp\/v2\/types\/page"}],"author":[{"embeddable":true,"href":"https:\/\/www.against-antisemitism.com\/et\/wp-json\/wp\/v2\/users\/1"}],"replies":[{"embeddable":true,"href":"https:\/\/www.against-antisemitism.com\/et\/wp-json\/wp\/v2\/comments?post=3190"}],"version-history":[{"count":19,"href":"https:\/\/www.against-antisemitism.com\/et\/wp-json\/wp\/v2\/pages\/3190\/revisions"}],"predecessor-version":[{"id":11329,"href":"https:\/\/www.against-antisemitism.com\/et\/wp-json\/wp\/v2\/pages\/3190\/revisions\/11329"}],"wp:attachment":[{"href":"https:\/\/www.against-antisemitism.com\/et\/wp-json\/wp\/v2\/media?parent=3190"}],"curies":[{"name":"wp","href":"https:\/\/api.w.org\/{rel}","templated":true}]}}