{"id":4540,"date":"2020-09-30T20:02:54","date_gmt":"2020-09-30T20:02:54","guid":{"rendered":"https:\/\/www.against-antisemitism.com\/the-book\/reach-out-to-others\/"},"modified":"2021-01-08T17:38:33","modified_gmt":"2021-01-08T17:38:33","slug":"joua-teisteni","status":"publish","type":"page","link":"https:\/\/www.against-antisemitism.com\/et\/raamat\/joua-teisteni\/","title":{"rendered":"J\u00f5ua teisteni"},"content":{"rendered":"<div id=\"cs-content\" class=\"cs-content\"><\/div>\n","protected":false},"excerpt":{"rendered":"<p>J\u00f5ua teisteni Anneta ja kingi raamat + TASUTA kursus: 17 USD \u00fche e-raamatu eest ja 26 USD \u00fche pehme k\u00f6ite eest. Saatekulu: USA sisene &#8211; 3.50 USD Rahvusvaheline saadetis \u2013 22 USD Juhised kuidas annetada: Vali kinkekaardi summa ja sisesta nende inimeste e-posti aadressid, kellele soovid saata raamatut ja anda juurdep\u00e4\u00e4su kursusele. Eralda erinevad e-posti aadressid \u00fcksteisest komaga. Kogust v\u00e4rskendatakse &#8230; <\/p>\n<div><a href=\"https:\/\/www.against-antisemitism.com\/et\/the-book\/joua-teisteni\/\" class=\"more-link\">Read More<\/a><\/div>\n","protected":false},"author":1,"featured_media":0,"parent":3190,"menu_order":0,"comment_status":"closed","ping_status":"closed","template":"template-blank-4.php","meta":{"give_campaign_id":0,"pmpro_default_level":"","footnotes":""},"class_list":["post-4540","page","type-page","status-publish","hentry","pmpro-has-access","no-post-thumbnail"],"campaignId":"","_links":{"self":[{"href":"https:\/\/www.against-antisemitism.com\/et\/wp-json\/wp\/v2\/pages\/4540","targetHints":{"allow":["GET"]}}],"collection":[{"href":"https:\/\/www.against-antisemitism.com\/et\/wp-json\/wp\/v2\/pages"}],"about":[{"href":"https:\/\/www.against-antisemitism.com\/et\/wp-json\/wp\/v2\/types\/page"}],"author":[{"embeddable":true,"href":"https:\/\/www.against-antisemitism.com\/et\/wp-json\/wp\/v2\/users\/1"}],"replies":[{"embeddable":true,"href":"https:\/\/www.against-antisemitism.com\/et\/wp-json\/wp\/v2\/comments?post=4540"}],"version-history":[{"count":6,"href":"https:\/\/www.against-antisemitism.com\/et\/wp-json\/wp\/v2\/pages\/4540\/revisions"}],"predecessor-version":[{"id":6783,"href":"https:\/\/www.against-antisemitism.com\/et\/wp-json\/wp\/v2\/pages\/4540\/revisions\/6783"}],"up":[{"embeddable":true,"href":"https:\/\/www.against-antisemitism.com\/et\/wp-json\/wp\/v2\/pages\/3190"}],"wp:attachment":[{"href":"https:\/\/www.against-antisemitism.com\/et\/wp-json\/wp\/v2\/media?parent=4540"}],"curies":[{"name":"wp","href":"https:\/\/api.w.org\/{rel}","templated":true}]}}