{"id":5764,"date":"2020-10-27T21:53:50","date_gmt":"2020-10-27T21:53:50","guid":{"rendered":"https:\/\/www.against-antisemitism.com\/raamat\/reviews-from-the-readers\/"},"modified":"2024-08-25T11:24:33","modified_gmt":"2024-08-25T11:24:33","slug":"lugejate-arvamused","status":"publish","type":"page","link":"https:\/\/www.against-antisemitism.com\/et\/lugejate-arvamused\/","title":{"rendered":"Lugejate arvamused"},"content":{"rendered":"<div id=\"cs-content\" class=\"cs-content\"><\/div>\n","protected":false},"excerpt":{"rendered":"<p>Reviews from the readers Selle raamatu lugemise ajal tundsin, kuidas P\u00fcha Vaim muudab mind seestpoolt. Olen Jeesust j\u00e4rginud \u00fcle 40 aasta, kuid alates selle raamatu lugemisest on kogu mu vaimne elu t\u00e4ielikult muutunud, kuna tunnen teda n\u00fc\u00fcd kui juudi Messiat Jeshuat ja tema tegelikku identiteeti. Soovitan seda raamatut lugeda k\u00f5igile neile, kes soovivad siiralt tunda oma lunastajat.Colin Richard, SuurbritanniaSee raamat &#8230; <\/p>\n<div><a href=\"https:\/\/www.against-antisemitism.com\/et\/lugejate-arvamused\/\" class=\"more-link\">Read More<\/a><\/div>\n","protected":false},"author":1,"featured_media":0,"parent":0,"menu_order":0,"comment_status":"closed","ping_status":"closed","template":"template-blank-4.php","meta":{"give_campaign_id":0,"pmpro_default_level":"","footnotes":""},"class_list":["post-5764","page","type-page","status-publish","hentry","pmpro-has-access","no-post-thumbnail"],"campaignId":"","_links":{"self":[{"href":"https:\/\/www.against-antisemitism.com\/et\/wp-json\/wp\/v2\/pages\/5764","targetHints":{"allow":["GET"]}}],"collection":[{"href":"https:\/\/www.against-antisemitism.com\/et\/wp-json\/wp\/v2\/pages"}],"about":[{"href":"https:\/\/www.against-antisemitism.com\/et\/wp-json\/wp\/v2\/types\/page"}],"author":[{"embeddable":true,"href":"https:\/\/www.against-antisemitism.com\/et\/wp-json\/wp\/v2\/users\/1"}],"replies":[{"embeddable":true,"href":"https:\/\/www.against-antisemitism.com\/et\/wp-json\/wp\/v2\/comments?post=5764"}],"version-history":[{"count":10,"href":"https:\/\/www.against-antisemitism.com\/et\/wp-json\/wp\/v2\/pages\/5764\/revisions"}],"predecessor-version":[{"id":11522,"href":"https:\/\/www.against-antisemitism.com\/et\/wp-json\/wp\/v2\/pages\/5764\/revisions\/11522"}],"wp:attachment":[{"href":"https:\/\/www.against-antisemitism.com\/et\/wp-json\/wp\/v2\/media?parent=5764"}],"curies":[{"name":"wp","href":"https:\/\/api.w.org\/{rel}","templated":true}]}}