{"id":3323,"date":"2020-08-13T15:48:27","date_gmt":"2020-08-13T15:48:27","guid":{"rendered":"https:\/\/www.against-antisemitism.com\/product\/the-identity-theft-paperback\/"},"modified":"2022-04-10T15:07:06","modified_gmt":"2022-04-10T15:07:06","slug":"raamatut-ja-kursust-sisaldav-pakett","status":"publish","type":"product","link":"https:\/\/www.against-antisemitism.com\/et\/the-book\/raamatut-ja-kursust-sisaldav-pakett\/","title":{"rendered":"Raamatut ja kursust sisaldav pakett"},"content":{"rendered":"","protected":false},"excerpt":{"rendered":"<h4><strong>Paberkandjal raamatut saab tellida<\/strong>* v\u00e4hemalt <strong><span style=\"color: #ee4646;\">26 USD<\/span><\/strong> suuruse annetuse eest, mis v\u00f5imaldab <strong>TASUTA ligip\u00e4\u00e4su<\/strong> raamatul p\u00f5hinevale veebikursusele.<\/h4>\n<ul>\n<li>Kohtu juudi Messiaga kogu tema hiilguses.<\/li>\n<li>Alista asendusteoloogia koletis.<\/li>\n<li>Naase esimese sajandi v\u00f5idmise juurde.<\/li>\n<li>\u00d5pi kristliku antisemitismi ajalugu.<\/li>\n<li><strong><span style=\"color: #ee4646;\">Hangi juurdep\u00e4\u00e4s raamatul p\u00f5hinevale veebikursusele.<\/span><\/strong>.<\/li>\n<\/ul>\n<p>*S\u00f5ltuvalt sinu asukohast v\u00f5id raamatu k\u00e4tte saada 2\u20134 n\u00e4dala jooksul p\u00e4rast tellimuse esitamist.<\/p>\n<p>Hulgiostu korral v\u00f5tke \u00fchendust aadressil <a href=\"mailto:info@against-antisemitism.com\">info@against-antisemitism.com<\/a> (hulgiostu saatekulu s\u00f5ltub saatmisviisist)<\/p>\n<p>Tellides rohkem kui \u00fche raamatu, avaneb juurdep\u00e4\u00e4s kursusele ainult \u00fche tellija e-posti jaoks.<\/p>\n<p><strong>Eestikeelse pehmekaanelise raamatu tellimiseks kirjutage aadressile:<\/strong> <a href=\"mailto:estonia@unitednationsforisrael.org\"><strong>estonia@unitednationsforisrael.org<\/strong><\/a><\/p>\n","protected":false},"featured_media":2704,"template":"","meta":{"give_campaign_id":0,"pmpro_default_level":""},"product_brand":[],"product_cat":[93],"product_tag":[],"class_list":{"0":"post-3323","1":"product","2":"type-product","3":"status-publish","4":"has-post-thumbnail","6":"product_cat-books-et","7":"pmpro-has-access","10":"first","11":"instock","12":"shipping-taxable","13":"purchasable","14":"product-type-variable","15":"nyp-product"},"_links":{"self":[{"href":"https:\/\/www.against-antisemitism.com\/et\/wp-json\/wp\/v2\/product\/3323","targetHints":{"allow":["GET"]}}],"collection":[{"href":"https:\/\/www.against-antisemitism.com\/et\/wp-json\/wp\/v2\/product"}],"about":[{"href":"https:\/\/www.against-antisemitism.com\/et\/wp-json\/wp\/v2\/types\/product"}],"wp:featuredmedia":[{"embeddable":true,"href":"https:\/\/www.against-antisemitism.com\/et\/wp-json\/wp\/v2\/media\/2704"}],"wp:attachment":[{"href":"https:\/\/www.against-antisemitism.com\/et\/wp-json\/wp\/v2\/media?parent=3323"}],"wp:term":[{"taxonomy":"product_brand","embeddable":true,"href":"https:\/\/www.against-antisemitism.com\/et\/wp-json\/wp\/v2\/product_brand?post=3323"},{"taxonomy":"product_cat","embeddable":true,"href":"https:\/\/www.against-antisemitism.com\/et\/wp-json\/wp\/v2\/product_cat?post=3323"},{"taxonomy":"product_tag","embeddable":true,"href":"https:\/\/www.against-antisemitism.com\/et\/wp-json\/wp\/v2\/product_tag?post=3323"}],"curies":[{"name":"wp","href":"https:\/\/api.w.org\/{rel}","templated":true}]}}