{"id":3331,"date":"2020-06-06T18:14:43","date_gmt":"2020-06-06T18:14:43","guid":{"rendered":"https:\/\/www.against-antisemitism.com\/product\/reach-out-to-others\/"},"modified":"2021-06-22T15:10:30","modified_gmt":"2021-06-22T15:10:30","slug":"joua-teisteni","status":"publish","type":"product","link":"https:\/\/www.against-antisemitism.com\/et\/the-book\/joua-teisteni\/","title":{"rendered":"J\u00f5ua teisteni"},"content":{"rendered":"","protected":false},"excerpt":{"rendered":"<h4><strong>Anneta ja kingi raamat + TASUTA kursus:<\/strong> <strong><span style=\"color: #ee4646;\">17 USD<\/span><\/strong> \u00fche e-raamatu eest ja <strong><span style=\"color: #ee4646;\">26 USD<\/span><\/strong> \u00fche pehme k\u00f6ite eest.<\/h4>\n<p><strong>Saatekulu:<\/strong><br \/>\nUSA sisene &#8211; 3.50 USD<br \/>\nRahvusvaheline saadetis \u2013 22 USD<\/p>\n<p><strong>Juhised kuidas annetada:<\/strong><\/p>\n<p>Vali kinkekaardi summa ja sisesta nende inimeste e-posti aadressid, kellele soovid saata raamatut ja anda juurdep\u00e4\u00e4su kursusele. Eralda erinevad e-posti aadressid \u00fcksteisest komaga. Kogust v\u00e4rskendatakse automaatselt. P\u00e4rast edukat makse sooritamist saadetakse igale e-posti aadressile e-kiri kinkekoodi ja juhistega kinkekoodi rakendamiseks.<\/p>\n<p>Kui tellid pehmekaanelise v\u00f5i e-raamatu kingituseks, saadetakse sinu s\u00f5bra e-posti aadressile kinkekaart. Kinkekaardil on link ligip\u00e4\u00e4suks raamatule ja kursusele.<\/p>\n<p><strong>Kinkekaardi summad:<\/strong><br \/>\n17 USD (e-raamat + kursus)<br \/>\n30.50 USD (Pehme k\u00f6ide + kursus ja USA sisene saatmine)<br \/>\n48 USD (Estonian\/Russian paperback and shipping outside USA)<br \/>\n49 USD (Pehme k\u00f6ide + kursus ja saatmine v\u00e4ljaspool USA-d)<\/p>\n","protected":false},"featured_media":2718,"template":"","meta":{"give_campaign_id":0,"pmpro_default_level":""},"product_brand":[],"product_cat":[93],"product_tag":[],"class_list":{"0":"post-3331","1":"product","2":"type-product","3":"status-publish","4":"has-post-thumbnail","6":"product_cat-books-et","7":"pmpro-has-access","10":"first","11":"instock","12":"purchasable","13":"product-type-pw-gift-card"},"_links":{"self":[{"href":"https:\/\/www.against-antisemitism.com\/et\/wp-json\/wp\/v2\/product\/3331","targetHints":{"allow":["GET"]}}],"collection":[{"href":"https:\/\/www.against-antisemitism.com\/et\/wp-json\/wp\/v2\/product"}],"about":[{"href":"https:\/\/www.against-antisemitism.com\/et\/wp-json\/wp\/v2\/types\/product"}],"wp:featuredmedia":[{"embeddable":true,"href":"https:\/\/www.against-antisemitism.com\/et\/wp-json\/wp\/v2\/media\/2718"}],"wp:attachment":[{"href":"https:\/\/www.against-antisemitism.com\/et\/wp-json\/wp\/v2\/media?parent=3331"}],"wp:term":[{"taxonomy":"product_brand","embeddable":true,"href":"https:\/\/www.against-antisemitism.com\/et\/wp-json\/wp\/v2\/product_brand?post=3331"},{"taxonomy":"product_cat","embeddable":true,"href":"https:\/\/www.against-antisemitism.com\/et\/wp-json\/wp\/v2\/product_cat?post=3331"},{"taxonomy":"product_tag","embeddable":true,"href":"https:\/\/www.against-antisemitism.com\/et\/wp-json\/wp\/v2\/product_tag?post=3331"}],"curies":[{"name":"wp","href":"https:\/\/api.w.org\/{rel}","templated":true}]}}