{"id":2863,"date":"2020-03-23T22:57:19","date_gmt":"2020-03-23T22:57:19","guid":{"rendered":"https:\/\/www.against-antisemitism.com\/about\/"},"modified":"2021-05-10T19:27:34","modified_gmt":"2021-05-10T19:27:34","slug":"esittely","status":"publish","type":"page","link":"https:\/\/www.against-antisemitism.com\/fi\/esittely\/","title":{"rendered":"Esittely"},"content":{"rendered":"<div id=\"cs-content\" class=\"cs-content\"><\/div>\n","protected":false},"excerpt":{"rendered":"<p>Esittely GRI, Globaali Uudelleenkoulutushanke Antisemitismi\u00e4 Vastaan on uusi j\u00e4rjest\u00f6, joka tuo esiin Messiaan juutalaisen identiteetin tehd\u00e4kseen lopun kristillisest\u00e4 antisemitismist\u00e4. Teemme t\u00e4m\u00e4n kouluttamalla ihmisi\u00e4a historiallisista, poliittisista ja raamatullisista totuuksista. GRI on osa Yhdistyneet Kansakunnat Israelin Puolesta -liikett\u00e4.Yhdistyneet Kansakunnat Israelin Puolesta, suhteellisen uusi j\u00e4rjest\u00f6, perustettiin teht\u00e4v\u00e4n\u00e4\u00e4n k\u00e4\u00e4nt\u00e4\u00e4 kansoja Lammaskansoiksi (Ks. Matt. 25:32), yksi ihminen kerrallaan. GRI :n n\u00e4ky on tehd\u00e4 loppu kristillisest\u00e4 &#8230; <\/p>\n<div><a href=\"https:\/\/www.against-antisemitism.com\/fi\/esittely\/\" class=\"more-link\">Read More<\/a><\/div>\n","protected":false},"author":1,"featured_media":0,"parent":0,"menu_order":0,"comment_status":"closed","ping_status":"closed","template":"template-blank-4.php","meta":{"give_campaign_id":0,"pmpro_default_level":"","footnotes":""},"class_list":["post-2863","page","type-page","status-publish","hentry","pmpro-has-access","no-post-thumbnail"],"campaignId":"","_links":{"self":[{"href":"https:\/\/www.against-antisemitism.com\/fi\/wp-json\/wp\/v2\/pages\/2863","targetHints":{"allow":["GET"]}}],"collection":[{"href":"https:\/\/www.against-antisemitism.com\/fi\/wp-json\/wp\/v2\/pages"}],"about":[{"href":"https:\/\/www.against-antisemitism.com\/fi\/wp-json\/wp\/v2\/types\/page"}],"author":[{"embeddable":true,"href":"https:\/\/www.against-antisemitism.com\/fi\/wp-json\/wp\/v2\/users\/1"}],"replies":[{"embeddable":true,"href":"https:\/\/www.against-antisemitism.com\/fi\/wp-json\/wp\/v2\/comments?post=2863"}],"version-history":[{"count":8,"href":"https:\/\/www.against-antisemitism.com\/fi\/wp-json\/wp\/v2\/pages\/2863\/revisions"}],"predecessor-version":[{"id":8576,"href":"https:\/\/www.against-antisemitism.com\/fi\/wp-json\/wp\/v2\/pages\/2863\/revisions\/8576"}],"wp:attachment":[{"href":"https:\/\/www.against-antisemitism.com\/fi\/wp-json\/wp\/v2\/media?parent=2863"}],"curies":[{"name":"wp","href":"https:\/\/api.w.org\/{rel}","templated":true}]}}