{"id":2872,"date":"2020-03-23T22:58:43","date_gmt":"2020-03-23T22:58:43","guid":{"rendered":"https:\/\/www.against-antisemitism.com\/contact\/"},"modified":"2021-03-03T16:32:25","modified_gmt":"2021-03-03T16:32:25","slug":"ota-yhteytta","status":"publish","type":"page","link":"https:\/\/www.against-antisemitism.com\/fi\/ota-yhteytta\/","title":{"rendered":"Ota yhteytt\u00e4"},"content":{"rendered":"<div id=\"cs-content\" class=\"cs-content\"><\/div>\n","protected":false},"excerpt":{"rendered":"<p>Ota yhteytt\u00e4 Ota meihin yhteytt\u00e4: 52 Tuscan Way, Ste 202-412 St. Augustine, FL, 32092 USA +1 904 671 8490 info@against-antisemitism.comOtamme mielell\u00e4mme vastaan viestisi. Voit l\u00e4hett\u00e4\u00e4 meille kysymyksesi, kommenttisi tai huolenaiheesi: info@against-antisemitism.comOta yhteytt\u00e4: Nimesi (pakollinen) S\u00e4hk\u00f6postiosoitteesi (pakollinen) Maasi (pakollinen) Viestisi (pakollinen) 12+7=?<\/p>\n","protected":false},"author":1,"featured_media":0,"parent":0,"menu_order":0,"comment_status":"closed","ping_status":"closed","template":"template-blank-4.php","meta":{"give_campaign_id":0,"pmpro_default_level":"","footnotes":""},"class_list":["post-2872","page","type-page","status-publish","hentry","pmpro-has-access","no-post-thumbnail"],"campaignId":"","_links":{"self":[{"href":"https:\/\/www.against-antisemitism.com\/fi\/wp-json\/wp\/v2\/pages\/2872","targetHints":{"allow":["GET"]}}],"collection":[{"href":"https:\/\/www.against-antisemitism.com\/fi\/wp-json\/wp\/v2\/pages"}],"about":[{"href":"https:\/\/www.against-antisemitism.com\/fi\/wp-json\/wp\/v2\/types\/page"}],"author":[{"embeddable":true,"href":"https:\/\/www.against-antisemitism.com\/fi\/wp-json\/wp\/v2\/users\/1"}],"replies":[{"embeddable":true,"href":"https:\/\/www.against-antisemitism.com\/fi\/wp-json\/wp\/v2\/comments?post=2872"}],"version-history":[{"count":6,"href":"https:\/\/www.against-antisemitism.com\/fi\/wp-json\/wp\/v2\/pages\/2872\/revisions"}],"predecessor-version":[{"id":8251,"href":"https:\/\/www.against-antisemitism.com\/fi\/wp-json\/wp\/v2\/pages\/2872\/revisions\/8251"}],"wp:attachment":[{"href":"https:\/\/www.against-antisemitism.com\/fi\/wp-json\/wp\/v2\/media?parent=2872"}],"curies":[{"name":"wp","href":"https:\/\/api.w.org\/{rel}","templated":true}]}}