{"id":2915,"date":"2020-08-03T11:45:08","date_gmt":"2020-08-03T11:45:08","guid":{"rendered":"https:\/\/www.against-antisemitism.com\/home-new\/"},"modified":"2023-05-05T12:07:45","modified_gmt":"2023-05-05T12:07:45","slug":"koti","status":"publish","type":"page","link":"https:\/\/www.against-antisemitism.com\/fi\/","title":{"rendered":"Koti"},"content":{"rendered":"<div id=\"cs-content\" class=\"cs-content\"><\/div>\n","protected":false},"excerpt":{"rendered":"<p>Korkeatasoinen kurssi joka paljastaa uskonnollisen antisemitismin valheet.\u201dVuonna 2016 Canterburyn arkkipiispa Justin Welby vertasi antisemitismi\u00e4 virukseen lis\u00e4ten, ett\u00e4 \u2018h\u00e4pe\u00e4llinen totuus on, ett\u00e4 teologisten oppiensa kautta kirkko, jonka olisi kuulunut tarjota vastal\u00e4\u00e4ke, toimii sen sijaan viruksen levitt\u00e4j\u00e4n\u00e4.\u2019\u201d \u2013\u00a0Telegraph.co.ukK\u00e4y l\u00e4pi 12 portin, jotka antavat sinulle syv\u00e4llist\u00e4 ymm\u00e4rryst\u00e4, joka muuttaa el\u00e4m\u00e4si.Lis\u00e4tietoaLiity nytTilaa \u201dIdentiteettivarkaus\u201d E-kirja ja opi tuntemaan Messias juutalaisena Tilaa kirjaTilaamalla kirjan saat my\u00f6s &#8230; <\/p>\n<div><a href=\"https:\/\/www.against-antisemitism.com\/fi\/\" class=\"more-link\">Read More<\/a><\/div>\n","protected":false},"author":1,"featured_media":0,"parent":0,"menu_order":0,"comment_status":"closed","ping_status":"closed","template":"template-blank-4.php","meta":{"give_campaign_id":0,"pmpro_default_level":"","footnotes":""},"class_list":["post-2915","page","type-page","status-publish","hentry","pmpro-has-access","no-post-thumbnail"],"campaignId":"","_links":{"self":[{"href":"https:\/\/www.against-antisemitism.com\/fi\/wp-json\/wp\/v2\/pages\/2915","targetHints":{"allow":["GET"]}}],"collection":[{"href":"https:\/\/www.against-antisemitism.com\/fi\/wp-json\/wp\/v2\/pages"}],"about":[{"href":"https:\/\/www.against-antisemitism.com\/fi\/wp-json\/wp\/v2\/types\/page"}],"author":[{"embeddable":true,"href":"https:\/\/www.against-antisemitism.com\/fi\/wp-json\/wp\/v2\/users\/1"}],"replies":[{"embeddable":true,"href":"https:\/\/www.against-antisemitism.com\/fi\/wp-json\/wp\/v2\/comments?post=2915"}],"version-history":[{"count":29,"href":"https:\/\/www.against-antisemitism.com\/fi\/wp-json\/wp\/v2\/pages\/2915\/revisions"}],"predecessor-version":[{"id":11305,"href":"https:\/\/www.against-antisemitism.com\/fi\/wp-json\/wp\/v2\/pages\/2915\/revisions\/11305"}],"wp:attachment":[{"href":"https:\/\/www.against-antisemitism.com\/fi\/wp-json\/wp\/v2\/media?parent=2915"}],"curies":[{"name":"wp","href":"https:\/\/api.w.org\/{rel}","templated":true}]}}