{"id":2973,"date":"2020-03-23T22:57:41","date_gmt":"2020-03-23T22:57:41","guid":{"rendered":"https:\/\/www.against-antisemitism.com\/mission\/"},"modified":"2020-10-24T21:10:32","modified_gmt":"2020-10-24T21:10:32","slug":"missio","status":"publish","type":"page","link":"https:\/\/www.against-antisemitism.com\/fi\/missio\/","title":{"rendered":"Missio"},"content":{"rendered":"<div id=\"cs-content\" class=\"cs-content\"><\/div>\n","protected":false},"excerpt":{"rendered":"<p>Mission Ja min\u00e4 siunaan niit\u00e4, jotka sinua siunaavat, ja kiroan ne, jotka sinua kiroavat, ja sinussa tulevat siunatuiksi kaikki sukukunnat maan p\u00e4\u00e4ll\u00e4.(1. Moos. 12:3)Perustuen 1. Moos. 12:3:een, GRI on korkeatasoinen koulutusalusta, joka paljastaa korvausteologian aikaansaaman vihan juutalaisia kohtaan.GRI paljastaa antisemitismin \u201dviisip\u00e4isen hirvi\u00f6n\u201d ja opettaa, miten tehd\u00e4 siit\u00e4 loppu. Noiden viiden p\u00e4\u00e4n poistaminen palauttaa seurakunnalle ensimm\u00e4isen vuosisadan Messiaan.Ymm\u00e4rr\u00e4, ett\u00e4 juutalaisviha on &#8230; <\/p>\n<div><a href=\"https:\/\/www.against-antisemitism.com\/fi\/missio\/\" class=\"more-link\">Read More<\/a><\/div>\n","protected":false},"author":1,"featured_media":0,"parent":0,"menu_order":0,"comment_status":"closed","ping_status":"closed","template":"template-blank-4.php","meta":{"give_campaign_id":0,"pmpro_default_level":"","footnotes":""},"class_list":["post-2973","page","type-page","status-publish","hentry","pmpro-has-access","no-post-thumbnail"],"campaignId":"","_links":{"self":[{"href":"https:\/\/www.against-antisemitism.com\/fi\/wp-json\/wp\/v2\/pages\/2973","targetHints":{"allow":["GET"]}}],"collection":[{"href":"https:\/\/www.against-antisemitism.com\/fi\/wp-json\/wp\/v2\/pages"}],"about":[{"href":"https:\/\/www.against-antisemitism.com\/fi\/wp-json\/wp\/v2\/types\/page"}],"author":[{"embeddable":true,"href":"https:\/\/www.against-antisemitism.com\/fi\/wp-json\/wp\/v2\/users\/1"}],"replies":[{"embeddable":true,"href":"https:\/\/www.against-antisemitism.com\/fi\/wp-json\/wp\/v2\/comments?post=2973"}],"version-history":[{"count":3,"href":"https:\/\/www.against-antisemitism.com\/fi\/wp-json\/wp\/v2\/pages\/2973\/revisions"}],"predecessor-version":[{"id":3320,"href":"https:\/\/www.against-antisemitism.com\/fi\/wp-json\/wp\/v2\/pages\/2973\/revisions\/3320"}],"wp:attachment":[{"href":"https:\/\/www.against-antisemitism.com\/fi\/wp-json\/wp\/v2\/media?parent=2973"}],"curies":[{"name":"wp","href":"https:\/\/api.w.org\/{rel}","templated":true}]}}