{"id":4542,"date":"2020-09-30T20:02:54","date_gmt":"2020-09-30T20:02:54","guid":{"rendered":"https:\/\/www.against-antisemitism.com\/kirja\/reach-out-to-others\/"},"modified":"2020-10-11T13:37:39","modified_gmt":"2020-10-11T13:37:39","slug":"tavoita-muita","status":"publish","type":"page","link":"https:\/\/www.against-antisemitism.com\/fi\/kirja\/tavoita-muita\/","title":{"rendered":"Tavoita muita"},"content":{"rendered":"<div id=\"cs-content\" class=\"cs-content\"><\/div>\n","protected":false},"excerpt":{"rendered":"<p>Tavoita muita Lahjoita kirja + ILMAINEN GRI kurssi: E-kirja 17$, paperiversio 27$ Postituskulut: USA &#8211; 3.50$ Kansainv\u00e4linen \u2013 22$ Lahjoitusohjeet: Valitse lahjakortin summa ja kirjoita niiden ihmisten s\u00e4hk\u00f6postiosoitteet, joille haluat l\u00e4hett\u00e4\u00e4 kirjan ja p\u00e4\u00e4syn kurssille. Erota s\u00e4hk\u00f6postiosoitteet toisistaan pilkulla. Tilausm\u00e4\u00e4r\u00e4 p\u00e4ivittyy automaattisesti. Onnistuneen maksusuorituksen j\u00e4lkeen ilmoittamiisi s\u00e4hk\u00f6postiosoitteisiin l\u00e4hetet\u00e4\u00e4n viesti, jossa on lahjakoodi ja ohjeet, miten lunastaa kirja ja p\u00e4\u00e4sy kurssille. &#8230; <\/p>\n<div><a href=\"https:\/\/www.against-antisemitism.com\/fi\/the-book\/tavoita-muita\/\" class=\"more-link\">Read More<\/a><\/div>\n","protected":false},"author":1,"featured_media":0,"parent":3000,"menu_order":0,"comment_status":"closed","ping_status":"closed","template":"template-blank-4.php","meta":{"give_campaign_id":0,"pmpro_default_level":"","footnotes":""},"class_list":["post-4542","page","type-page","status-publish","hentry","pmpro-has-access","no-post-thumbnail"],"campaignId":"","_links":{"self":[{"href":"https:\/\/www.against-antisemitism.com\/fi\/wp-json\/wp\/v2\/pages\/4542","targetHints":{"allow":["GET"]}}],"collection":[{"href":"https:\/\/www.against-antisemitism.com\/fi\/wp-json\/wp\/v2\/pages"}],"about":[{"href":"https:\/\/www.against-antisemitism.com\/fi\/wp-json\/wp\/v2\/types\/page"}],"author":[{"embeddable":true,"href":"https:\/\/www.against-antisemitism.com\/fi\/wp-json\/wp\/v2\/users\/1"}],"replies":[{"embeddable":true,"href":"https:\/\/www.against-antisemitism.com\/fi\/wp-json\/wp\/v2\/comments?post=4542"}],"version-history":[{"count":4,"href":"https:\/\/www.against-antisemitism.com\/fi\/wp-json\/wp\/v2\/pages\/4542\/revisions"}],"predecessor-version":[{"id":5098,"href":"https:\/\/www.against-antisemitism.com\/fi\/wp-json\/wp\/v2\/pages\/4542\/revisions\/5098"}],"up":[{"embeddable":true,"href":"https:\/\/www.against-antisemitism.com\/fi\/wp-json\/wp\/v2\/pages\/3000"}],"wp:attachment":[{"href":"https:\/\/www.against-antisemitism.com\/fi\/wp-json\/wp\/v2\/media?parent=4542"}],"curies":[{"name":"wp","href":"https:\/\/api.w.org\/{rel}","templated":true}]}}