{"id":5314,"date":"2020-10-27T21:53:50","date_gmt":"2020-10-27T21:53:50","guid":{"rendered":"https:\/\/www.against-antisemitism.com\/kirja\/reviews-from-the-readers\/"},"modified":"2024-08-25T11:23:39","modified_gmt":"2024-08-25T11:23:39","slug":"reviews-from-the-readers","status":"publish","type":"page","link":"https:\/\/www.against-antisemitism.com\/fi\/reviews-from-the-readers\/","title":{"rendered":"Reviews from the readers"},"content":{"rendered":"<div id=\"cs-content\" class=\"cs-content\"><\/div>\n","protected":false},"excerpt":{"rendered":"<p>Reviews from the readers Shalom! Lukiessani Identiteettivarkaus -kirjaa tunsin, miten Pyh\u00e4 Henki muutti minua sis\u00e4isesti. Olen seurannut Jeesusta yli 40 vuotta, mutta t\u00e4m\u00e4 kirja muutti koko vaellukseni H\u00e4nen kanssaan, sill\u00e4 nyt tunnen H\u00e4net Jeshuana \u2013 tunnen H\u00e4nen todellisen identiteettins\u00e4! K\u00e4yn nyt GRM-raamattukoulua! Suosittelen sinua lukemaan t\u00e4m\u00e4n kirjan, jos haluat oppia todella tuntemaan Lunastajasi.Colin Richard, UKIdentiteettivarkaus v\u00e4ltt\u00e4m\u00e4t\u00f6nt\u00e4 luettavaa kaikille uskoville, jotka &#8230; <\/p>\n<div><a href=\"https:\/\/www.against-antisemitism.com\/fi\/reviews-from-the-readers\/\" class=\"more-link\">Read More<\/a><\/div>\n","protected":false},"author":1,"featured_media":0,"parent":0,"menu_order":0,"comment_status":"closed","ping_status":"closed","template":"template-blank-4.php","meta":{"give_campaign_id":0,"pmpro_default_level":"","footnotes":""},"class_list":["post-5314","page","type-page","status-publish","hentry","pmpro-has-access","no-post-thumbnail"],"campaignId":"","_links":{"self":[{"href":"https:\/\/www.against-antisemitism.com\/fi\/wp-json\/wp\/v2\/pages\/5314","targetHints":{"allow":["GET"]}}],"collection":[{"href":"https:\/\/www.against-antisemitism.com\/fi\/wp-json\/wp\/v2\/pages"}],"about":[{"href":"https:\/\/www.against-antisemitism.com\/fi\/wp-json\/wp\/v2\/types\/page"}],"author":[{"embeddable":true,"href":"https:\/\/www.against-antisemitism.com\/fi\/wp-json\/wp\/v2\/users\/1"}],"replies":[{"embeddable":true,"href":"https:\/\/www.against-antisemitism.com\/fi\/wp-json\/wp\/v2\/comments?post=5314"}],"version-history":[{"count":9,"href":"https:\/\/www.against-antisemitism.com\/fi\/wp-json\/wp\/v2\/pages\/5314\/revisions"}],"predecessor-version":[{"id":11520,"href":"https:\/\/www.against-antisemitism.com\/fi\/wp-json\/wp\/v2\/pages\/5314\/revisions\/11520"}],"wp:attachment":[{"href":"https:\/\/www.against-antisemitism.com\/fi\/wp-json\/wp\/v2\/media?parent=5314"}],"curies":[{"name":"wp","href":"https:\/\/api.w.org\/{rel}","templated":true}]}}