{"id":3324,"date":"2020-08-13T15:48:27","date_gmt":"2020-08-13T15:48:27","guid":{"rendered":"https:\/\/www.against-antisemitism.com\/product\/the-identity-theft-paperback\/"},"modified":"2021-06-08T19:17:28","modified_gmt":"2021-06-08T19:17:28","slug":"kirja-ja-kurssipaketti","status":"publish","type":"product","link":"https:\/\/www.against-antisemitism.com\/fi\/the-book\/kirja-ja-kurssipaketti\/","title":{"rendered":"Kirja- ja kurssipaketti"},"content":{"rendered":"","protected":false},"excerpt":{"rendered":"<h4><strong>Tilaa kirja<\/strong> lahjoittamalla <strong><span style=\"color: #ee4646;\">27$<\/span><\/strong> tai enemm\u00e4n. Kirjan mukana saat ILMAISEN p\u00e4\u00e4syn kirjaan perustuvalle verkkokurssille.<\/h4>\n<ul>\n<li>Kohtaa Juutalainen Messias koko kirkkaudessaan.<\/li>\n<li>Tee loppu korvausteologian hirvi\u00f6st\u00e4.<\/li>\n<li>Palaa ensimm\u00e4isen vuosisadan voiteluun.<\/li>\n<li>Opi kristillisen antisemitismin historiasta.<\/li>\n<li><strong><span style=\"color: #ee4646;\">Saat p\u00e4\u00e4syn kirjaan perustuvalle verkkokurssille.<\/span><\/strong>.<\/li>\n<\/ul>\n<p>Asuinpaikastasi riippuen, voit odottaa kirjan saapuvan perille 2-4 viikon sis\u00e4ll\u00e4 tilauksesta.<\/p>\n<p>Jos haluat tilata suuremman m\u00e4\u00e4r\u00e4n kirjoja, l\u00e4het\u00e4 s\u00e4hk\u00f6postia osoitteeseen <a href=\"mailto:info@against-antisemitism.com\">info@against-antisemitism.com<\/a> (postituskulut riippuvat postitustavasta)<\/p>\n<p>Jos tilaat enemm\u00e4n kuin yhden kirjan, kurssille p\u00e4\u00e4sy on vain tilaajalle (yhdelle).<\/p>\n","protected":false},"featured_media":2705,"template":"","meta":{"give_campaign_id":0,"pmpro_default_level":""},"product_brand":[],"product_cat":[95],"product_tag":[],"class_list":{"0":"post-3324","1":"product","2":"type-product","3":"status-publish","4":"has-post-thumbnail","6":"product_cat-books-fi","7":"pmpro-has-access","10":"first","11":"instock","12":"shipping-taxable","13":"purchasable","14":"product-type-variable","15":"nyp-product"},"_links":{"self":[{"href":"https:\/\/www.against-antisemitism.com\/fi\/wp-json\/wp\/v2\/product\/3324","targetHints":{"allow":["GET"]}}],"collection":[{"href":"https:\/\/www.against-antisemitism.com\/fi\/wp-json\/wp\/v2\/product"}],"about":[{"href":"https:\/\/www.against-antisemitism.com\/fi\/wp-json\/wp\/v2\/types\/product"}],"wp:featuredmedia":[{"embeddable":true,"href":"https:\/\/www.against-antisemitism.com\/fi\/wp-json\/wp\/v2\/media\/2705"}],"wp:attachment":[{"href":"https:\/\/www.against-antisemitism.com\/fi\/wp-json\/wp\/v2\/media?parent=3324"}],"wp:term":[{"taxonomy":"product_brand","embeddable":true,"href":"https:\/\/www.against-antisemitism.com\/fi\/wp-json\/wp\/v2\/product_brand?post=3324"},{"taxonomy":"product_cat","embeddable":true,"href":"https:\/\/www.against-antisemitism.com\/fi\/wp-json\/wp\/v2\/product_cat?post=3324"},{"taxonomy":"product_tag","embeddable":true,"href":"https:\/\/www.against-antisemitism.com\/fi\/wp-json\/wp\/v2\/product_tag?post=3324"}],"curies":[{"name":"wp","href":"https:\/\/api.w.org\/{rel}","templated":true}]}}