{"id":3335,"date":"2020-06-06T18:14:43","date_gmt":"2020-06-06T18:14:43","guid":{"rendered":"https:\/\/www.against-antisemitism.com\/product\/reach-out-to-others\/"},"modified":"2021-06-23T17:10:08","modified_gmt":"2021-06-23T17:10:08","slug":"tavoita-muita","status":"publish","type":"product","link":"https:\/\/www.against-antisemitism.com\/fi\/the-book\/tavoita-muita\/","title":{"rendered":"Tavoita muita"},"content":{"rendered":"","protected":false},"excerpt":{"rendered":"<h4><strong>Lahjoita kirja + ILMAINEN GRI kurssi<\/strong>: E-kirja <strong><span style=\"color: #ee4646;\">17$<\/span><\/strong>, paperiversio <strong><span style=\"color: #ee4646;\">27$<\/span><\/strong><\/h4>\n<p><strong>Postituskulut:<\/strong><br \/>\nUSA &#8211; 3.50$<br \/>\nKansainv\u00e4linen \u2013 22$<\/p>\n<p><strong>Lahjoitusohjeet:<\/strong><\/p>\n<p>Valitse lahjakortin summa ja kirjoita niiden ihmisten s\u00e4hk\u00f6postiosoitteet, joille haluat l\u00e4hett\u00e4\u00e4 kirjan ja p\u00e4\u00e4syn kurssille. Erota s\u00e4hk\u00f6postiosoitteet toisistaan pilkulla. Tilausm\u00e4\u00e4r\u00e4 p\u00e4ivittyy automaattisesti. Onnistuneen maksusuorituksen j\u00e4lkeen ilmoittamiisi s\u00e4hk\u00f6postiosoitteisiin l\u00e4hetet\u00e4\u00e4n viesti, jossa on lahjakoodi ja ohjeet, miten lunastaa kirja ja p\u00e4\u00e4sy kurssille.<\/p>\n<p>Kun tilaat paperikopion tai E-kirjan lahjaksi, yst\u00e4v\u00e4llesi l\u00e4hetet\u00e4\u00e4n s\u00e4hk\u00f6postitse lahjakortti. Lahjakortissa on linkki, jonka kautta yst\u00e4v\u00e4si voi lunastaa kirjan ja p\u00e4\u00e4syn kurssille.<\/p>\n<p><strong>Lahjakortit:<\/strong><br \/>\n17$ (E-kirja + kurssi)<br \/>\n30.50$ (Paperikopio + kurssi ja postitus USA:han)<br \/>\n48$ (Eestin tai Ven\u00e4j\u00e4n kielinen kirja ja postitus USA:n ulkopuolella)<br \/>\n49$ (Paperikopio + kurssi ja postitus USA:n ulkopuolelle)<\/p>\n","protected":false},"featured_media":2719,"template":"","meta":{"give_campaign_id":0,"pmpro_default_level":""},"product_brand":[],"product_cat":[95],"product_tag":[],"class_list":{"0":"post-3335","1":"product","2":"type-product","3":"status-publish","4":"has-post-thumbnail","6":"product_cat-books-fi","7":"pmpro-has-access","10":"first","11":"instock","12":"purchasable","13":"product-type-pw-gift-card"},"_links":{"self":[{"href":"https:\/\/www.against-antisemitism.com\/fi\/wp-json\/wp\/v2\/product\/3335","targetHints":{"allow":["GET"]}}],"collection":[{"href":"https:\/\/www.against-antisemitism.com\/fi\/wp-json\/wp\/v2\/product"}],"about":[{"href":"https:\/\/www.against-antisemitism.com\/fi\/wp-json\/wp\/v2\/types\/product"}],"wp:featuredmedia":[{"embeddable":true,"href":"https:\/\/www.against-antisemitism.com\/fi\/wp-json\/wp\/v2\/media\/2719"}],"wp:attachment":[{"href":"https:\/\/www.against-antisemitism.com\/fi\/wp-json\/wp\/v2\/media?parent=3335"}],"wp:term":[{"taxonomy":"product_brand","embeddable":true,"href":"https:\/\/www.against-antisemitism.com\/fi\/wp-json\/wp\/v2\/product_brand?post=3335"},{"taxonomy":"product_cat","embeddable":true,"href":"https:\/\/www.against-antisemitism.com\/fi\/wp-json\/wp\/v2\/product_cat?post=3335"},{"taxonomy":"product_tag","embeddable":true,"href":"https:\/\/www.against-antisemitism.com\/fi\/wp-json\/wp\/v2\/product_tag?post=3335"}],"curies":[{"name":"wp","href":"https:\/\/api.w.org\/{rel}","templated":true}]}}