{"id":6540,"date":"2020-08-03T11:45:08","date_gmt":"2020-08-03T11:45:08","guid":{"rendered":"https:\/\/www.against-antisemitism.com\/home\/"},"modified":"2023-05-05T12:09:12","modified_gmt":"2023-05-05T12:09:12","slug":"accueil","status":"publish","type":"page","link":"https:\/\/www.against-antisemitism.com\/fr\/","title":{"rendered":"Accueil"},"content":{"rendered":"<div id=\"cs-content\" class=\"cs-content\"><\/div>\n","protected":false},"excerpt":{"rendered":"<p>La premi\u00e8re plateforme de formation pour expliquer les mensonges de l\u2019antis\u00e9mitisme religieux.&#8221;En 2016, l&#8217;archev\u00eaque de Canterbury, Justin Welby, a compar\u00e9 l&#8217;antis\u00e9mitisme \u00e0 un &#8220;virus&#8221;, ajoutant que &#8220;c&#8217;est une v\u00e9rit\u00e9 honteuse que, par ses enseignements th\u00e9ologiques, l&#8217;\u00e9glise, qui aurait d\u00fb offrir un antidote, ait aggrav\u00e9 la propagation de ce virus.&#8221;\u201d \u2013\u00a0Telegraph.co.ukEntrez par les 12 portes de la r\u00e9v\u00e9lation et acqu\u00e9rez des &#8230; <\/p>\n<div><a href=\"https:\/\/www.against-antisemitism.com\/fr\/\" class=\"more-link\">Read More<\/a><\/div>\n","protected":false},"author":1,"featured_media":0,"parent":0,"menu_order":0,"comment_status":"closed","ping_status":"closed","template":"template-blank-4.php","meta":{"give_campaign_id":0,"pmpro_default_level":"","footnotes":""},"class_list":["post-6540","page","type-page","status-publish","hentry","pmpro-has-access","no-post-thumbnail"],"campaignId":"","_links":{"self":[{"href":"https:\/\/www.against-antisemitism.com\/fr\/wp-json\/wp\/v2\/pages\/6540","targetHints":{"allow":["GET"]}}],"collection":[{"href":"https:\/\/www.against-antisemitism.com\/fr\/wp-json\/wp\/v2\/pages"}],"about":[{"href":"https:\/\/www.against-antisemitism.com\/fr\/wp-json\/wp\/v2\/types\/page"}],"author":[{"embeddable":true,"href":"https:\/\/www.against-antisemitism.com\/fr\/wp-json\/wp\/v2\/users\/1"}],"replies":[{"embeddable":true,"href":"https:\/\/www.against-antisemitism.com\/fr\/wp-json\/wp\/v2\/comments?post=6540"}],"version-history":[{"count":20,"href":"https:\/\/www.against-antisemitism.com\/fr\/wp-json\/wp\/v2\/pages\/6540\/revisions"}],"predecessor-version":[{"id":11307,"href":"https:\/\/www.against-antisemitism.com\/fr\/wp-json\/wp\/v2\/pages\/6540\/revisions\/11307"}],"wp:attachment":[{"href":"https:\/\/www.against-antisemitism.com\/fr\/wp-json\/wp\/v2\/media?parent=6540"}],"curies":[{"name":"wp","href":"https:\/\/api.w.org\/{rel}","templated":true}]}}