{"id":6551,"date":"2020-03-23T22:57:41","date_gmt":"2020-03-23T22:57:41","guid":{"rendered":"https:\/\/www.against-antisemitism.com\/mission\/"},"modified":"2021-01-07T13:15:41","modified_gmt":"2021-01-07T13:15:41","slug":"mission","status":"publish","type":"page","link":"https:\/\/www.against-antisemitism.com\/fr\/mission\/","title":{"rendered":"Mission"},"content":{"rendered":"<div id=\"cs-content\" class=\"cs-content\"><\/div>\n","protected":false},"excerpt":{"rendered":"<p>Mission Et je b\u00e9nirai ceux qui vous b\u00e9niront, Et je maudirai celui qui vous maudira. Et en toi, toutes les familles de la terre seront b\u00e9nies. (Gen. 12:3)Bas\u00e9e sur la Gen\u00e8se 12:3, la GRI est une plateforme de formation de premier plan qui expose la haine contre le peuple juif en raison de la th\u00e9ologie du remplacement.La GRI d\u00e9voile le &#8230; <\/p>\n<div><a href=\"https:\/\/www.against-antisemitism.com\/fr\/mission\/\" class=\"more-link\">Read More<\/a><\/div>\n","protected":false},"author":1,"featured_media":0,"parent":0,"menu_order":0,"comment_status":"closed","ping_status":"closed","template":"template-blank-4.php","meta":{"give_campaign_id":0,"pmpro_default_level":"","footnotes":""},"class_list":["post-6551","page","type-page","status-publish","hentry","pmpro-has-access","no-post-thumbnail"],"campaignId":"","_links":{"self":[{"href":"https:\/\/www.against-antisemitism.com\/fr\/wp-json\/wp\/v2\/pages\/6551","targetHints":{"allow":["GET"]}}],"collection":[{"href":"https:\/\/www.against-antisemitism.com\/fr\/wp-json\/wp\/v2\/pages"}],"about":[{"href":"https:\/\/www.against-antisemitism.com\/fr\/wp-json\/wp\/v2\/types\/page"}],"author":[{"embeddable":true,"href":"https:\/\/www.against-antisemitism.com\/fr\/wp-json\/wp\/v2\/users\/1"}],"replies":[{"embeddable":true,"href":"https:\/\/www.against-antisemitism.com\/fr\/wp-json\/wp\/v2\/comments?post=6551"}],"version-history":[{"count":4,"href":"https:\/\/www.against-antisemitism.com\/fr\/wp-json\/wp\/v2\/pages\/6551\/revisions"}],"predecessor-version":[{"id":6719,"href":"https:\/\/www.against-antisemitism.com\/fr\/wp-json\/wp\/v2\/pages\/6551\/revisions\/6719"}],"wp:attachment":[{"href":"https:\/\/www.against-antisemitism.com\/fr\/wp-json\/wp\/v2\/media?parent=6551"}],"curies":[{"name":"wp","href":"https:\/\/api.w.org\/{rel}","templated":true}]}}