{"id":6557,"date":"2020-06-04T22:08:13","date_gmt":"2020-06-04T22:08:13","guid":{"rendered":"https:\/\/www.against-antisemitism.com\/the-book\/"},"modified":"2023-05-05T12:39:16","modified_gmt":"2023-05-05T12:39:16","slug":"le-livre","status":"publish","type":"page","link":"https:\/\/www.against-antisemitism.com\/fr\/le-livre\/","title":{"rendered":"Le livre"},"content":{"rendered":"<div id=\"cs-content\" class=\"cs-content\"><\/div>\n","protected":false},"excerpt":{"rendered":"<p>Livre et cours Pr\u00e9-commande* une copie papier du livre pour un don minimum de 27 $ ou plus, et obtenez un acc\u00e8s GRATUIT au cours en ligne bas\u00e9 sur le livre. Rencontrez le Messie juif dans toute sa gloire. Vaincre le monstre de la th\u00e9ologie de substitution. Retournez \u00e0 l&#8217;onction du premier si\u00e8cle. Apprenez l&#8217;histoire de l&#8217;antis\u00e9mitisme chr\u00e9tien. Acc\u00e9dez au &#8230; <\/p>\n<div><a href=\"https:\/\/www.against-antisemitism.com\/fr\/the-book\/e-book-package-de-cours\/\" class=\"more-link\">Read More<\/a><\/div>\n","protected":false},"author":1,"featured_media":0,"parent":0,"menu_order":0,"comment_status":"closed","ping_status":"closed","template":"template-blank-4.php","meta":{"give_campaign_id":0,"pmpro_default_level":"","footnotes":""},"class_list":["post-6557","page","type-page","status-publish","hentry","pmpro-has-access","no-post-thumbnail"],"campaignId":"","_links":{"self":[{"href":"https:\/\/www.against-antisemitism.com\/fr\/wp-json\/wp\/v2\/pages\/6557","targetHints":{"allow":["GET"]}}],"collection":[{"href":"https:\/\/www.against-antisemitism.com\/fr\/wp-json\/wp\/v2\/pages"}],"about":[{"href":"https:\/\/www.against-antisemitism.com\/fr\/wp-json\/wp\/v2\/types\/page"}],"author":[{"embeddable":true,"href":"https:\/\/www.against-antisemitism.com\/fr\/wp-json\/wp\/v2\/users\/1"}],"replies":[{"embeddable":true,"href":"https:\/\/www.against-antisemitism.com\/fr\/wp-json\/wp\/v2\/comments?post=6557"}],"version-history":[{"count":18,"href":"https:\/\/www.against-antisemitism.com\/fr\/wp-json\/wp\/v2\/pages\/6557\/revisions"}],"predecessor-version":[{"id":11333,"href":"https:\/\/www.against-antisemitism.com\/fr\/wp-json\/wp\/v2\/pages\/6557\/revisions\/11333"}],"wp:attachment":[{"href":"https:\/\/www.against-antisemitism.com\/fr\/wp-json\/wp\/v2\/media?parent=6557"}],"curies":[{"name":"wp","href":"https:\/\/api.w.org\/{rel}","templated":true}]}}