{"id":6563,"date":"2020-10-27T21:53:50","date_gmt":"2020-10-27T21:53:50","guid":{"rendered":"https:\/\/www.against-antisemitism.com\/the-book\/reviews-from-the-readers\/"},"modified":"2024-08-25T11:20:28","modified_gmt":"2024-08-25T11:20:28","slug":"commentaires-des-lecteurs","status":"publish","type":"page","link":"https:\/\/www.against-antisemitism.com\/fr\/commentaires-des-lecteurs\/","title":{"rendered":"Commentaires des lecteurs"},"content":{"rendered":"<div id=\"cs-content\" class=\"cs-content\"><\/div>\n","protected":false},"excerpt":{"rendered":"<p>Commentaires des lecteurs J&#8217;ai ce livre, et pendant ma lecture, j&#8217;ai pu sentir le Saint-Esprit me changer de l&#8217;int\u00e9rieur. Je suis J\u00e9sus depuis plus de 40 ans, mais depuis que j&#8217;ai lu ce livre, toute ma marche avec Lui a compl\u00e8tement chang\u00e9 car je Le connais maintenant en tant que Yeshoua et sa v\u00e9ritable identit\u00e9. Je recommande vraiment ce livre &#8230; <\/p>\n<div><a href=\"https:\/\/www.against-antisemitism.com\/fr\/commentaires-des-lecteurs\/\" class=\"more-link\">Read More<\/a><\/div>\n","protected":false},"author":1,"featured_media":0,"parent":0,"menu_order":0,"comment_status":"closed","ping_status":"closed","template":"template-blank-4.php","meta":{"give_campaign_id":0,"pmpro_default_level":"","footnotes":""},"class_list":["post-6563","page","type-page","status-publish","hentry","pmpro-has-access","no-post-thumbnail"],"campaignId":"","_links":{"self":[{"href":"https:\/\/www.against-antisemitism.com\/fr\/wp-json\/wp\/v2\/pages\/6563","targetHints":{"allow":["GET"]}}],"collection":[{"href":"https:\/\/www.against-antisemitism.com\/fr\/wp-json\/wp\/v2\/pages"}],"about":[{"href":"https:\/\/www.against-antisemitism.com\/fr\/wp-json\/wp\/v2\/types\/page"}],"author":[{"embeddable":true,"href":"https:\/\/www.against-antisemitism.com\/fr\/wp-json\/wp\/v2\/users\/1"}],"replies":[{"embeddable":true,"href":"https:\/\/www.against-antisemitism.com\/fr\/wp-json\/wp\/v2\/comments?post=6563"}],"version-history":[{"count":10,"href":"https:\/\/www.against-antisemitism.com\/fr\/wp-json\/wp\/v2\/pages\/6563\/revisions"}],"predecessor-version":[{"id":11514,"href":"https:\/\/www.against-antisemitism.com\/fr\/wp-json\/wp\/v2\/pages\/6563\/revisions\/11514"}],"wp:attachment":[{"href":"https:\/\/www.against-antisemitism.com\/fr\/wp-json\/wp\/v2\/media?parent=6563"}],"curies":[{"name":"wp","href":"https:\/\/api.w.org\/{rel}","templated":true}]}}