{"id":6575,"date":"2020-06-04T22:03:30","date_gmt":"2020-06-04T22:03:30","guid":{"rendered":"https:\/\/www.against-antisemitism.com\/course-content\/"},"modified":"2021-01-20T19:26:23","modified_gmt":"2021-01-20T19:26:23","slug":"contenu-du-cours","status":"publish","type":"page","link":"https:\/\/www.against-antisemitism.com\/fr\/contenu-du-cours\/","title":{"rendered":"Contenu du cours"},"content":{"rendered":"<div id=\"cs-content\" class=\"cs-content\"><\/div>\n","protected":false},"excerpt":{"rendered":"<p>Contenu du cours PARTIE 1: INTRODUCTION Portail 1: Le fruit empoisonn\u00e9 de L\u2019Usurpation d\u2019Identit\u00e9 Vid\u00e9o 1: La connexion chr\u00e9tienne \u00e0 l&#8217;holocauste nazi \u2013 A Vid\u00e9o 2: La connexion chr\u00e9tienne \u00e0 l&#8217;holocauste nazi \u2013 B Portail 2: En tuant au nom de Christ Vid\u00e9o 1: Combattre la th\u00e9ologie du remplacement Vid\u00e9o 2: A la crois\u00e9e des chemins \u2013 A Vid\u00e9o 3: &#8230; <\/p>\n<div><a href=\"https:\/\/www.against-antisemitism.com\/fr\/contenu-du-cours\/\" class=\"more-link\">Read More<\/a><\/div>\n","protected":false},"author":1,"featured_media":0,"parent":0,"menu_order":0,"comment_status":"closed","ping_status":"closed","template":"template-blank-4.php","meta":{"give_campaign_id":0,"pmpro_default_level":"","footnotes":""},"class_list":["post-6575","page","type-page","status-publish","hentry","pmpro-has-access","no-post-thumbnail"],"campaignId":"","_links":{"self":[{"href":"https:\/\/www.against-antisemitism.com\/fr\/wp-json\/wp\/v2\/pages\/6575","targetHints":{"allow":["GET"]}}],"collection":[{"href":"https:\/\/www.against-antisemitism.com\/fr\/wp-json\/wp\/v2\/pages"}],"about":[{"href":"https:\/\/www.against-antisemitism.com\/fr\/wp-json\/wp\/v2\/types\/page"}],"author":[{"embeddable":true,"href":"https:\/\/www.against-antisemitism.com\/fr\/wp-json\/wp\/v2\/users\/1"}],"replies":[{"embeddable":true,"href":"https:\/\/www.against-antisemitism.com\/fr\/wp-json\/wp\/v2\/comments?post=6575"}],"version-history":[{"count":7,"href":"https:\/\/www.against-antisemitism.com\/fr\/wp-json\/wp\/v2\/pages\/6575\/revisions"}],"predecessor-version":[{"id":7180,"href":"https:\/\/www.against-antisemitism.com\/fr\/wp-json\/wp\/v2\/pages\/6575\/revisions\/7180"}],"wp:attachment":[{"href":"https:\/\/www.against-antisemitism.com\/fr\/wp-json\/wp\/v2\/media?parent=6575"}],"curies":[{"name":"wp","href":"https:\/\/api.w.org\/{rel}","templated":true}]}}