{"id":6587,"date":"2020-03-23T22:58:43","date_gmt":"2020-03-23T22:58:43","guid":{"rendered":"https:\/\/www.against-antisemitism.com\/contact\/"},"modified":"2021-03-03T16:34:22","modified_gmt":"2021-03-03T16:34:22","slug":"contact","status":"publish","type":"page","link":"https:\/\/www.against-antisemitism.com\/fr\/contact\/","title":{"rendered":"Contact"},"content":{"rendered":"<div id=\"cs-content\" class=\"cs-content\"><\/div>\n","protected":false},"excerpt":{"rendered":"<p>Contact Nous contacter: 52 Tuscan Way, Ste 202-412 St. Augustine, FL, 32092 USA +1 904 671 8490 info@against-antisemitism.comNous aimerions vous entendre SVP envoyez-nous vos questions, commentaires, ou pr\u00e9occupations \u00e0 info@against-antisemitism.comRestons en contact: Votre nom (obligatoire) Adresse \u00e9lectronique (obligatoire) Votre pays (obligatoire) Votre message 4+13=?<\/p>\n","protected":false},"author":1,"featured_media":0,"parent":0,"menu_order":0,"comment_status":"closed","ping_status":"closed","template":"template-blank-4.php","meta":{"give_campaign_id":0,"pmpro_default_level":"","footnotes":""},"class_list":["post-6587","page","type-page","status-publish","hentry","pmpro-has-access","no-post-thumbnail"],"campaignId":"","_links":{"self":[{"href":"https:\/\/www.against-antisemitism.com\/fr\/wp-json\/wp\/v2\/pages\/6587","targetHints":{"allow":["GET"]}}],"collection":[{"href":"https:\/\/www.against-antisemitism.com\/fr\/wp-json\/wp\/v2\/pages"}],"about":[{"href":"https:\/\/www.against-antisemitism.com\/fr\/wp-json\/wp\/v2\/types\/page"}],"author":[{"embeddable":true,"href":"https:\/\/www.against-antisemitism.com\/fr\/wp-json\/wp\/v2\/users\/1"}],"replies":[{"embeddable":true,"href":"https:\/\/www.against-antisemitism.com\/fr\/wp-json\/wp\/v2\/comments?post=6587"}],"version-history":[{"count":3,"href":"https:\/\/www.against-antisemitism.com\/fr\/wp-json\/wp\/v2\/pages\/6587\/revisions"}],"predecessor-version":[{"id":7015,"href":"https:\/\/www.against-antisemitism.com\/fr\/wp-json\/wp\/v2\/pages\/6587\/revisions\/7015"}],"wp:attachment":[{"href":"https:\/\/www.against-antisemitism.com\/fr\/wp-json\/wp\/v2\/media?parent=6587"}],"curies":[{"name":"wp","href":"https:\/\/api.w.org\/{rel}","templated":true}]}}