{"id":6593,"date":"2020-03-23T18:08:02","date_gmt":"2020-03-23T18:08:02","guid":{"rendered":"https:\/\/www.against-antisemitism.com\/my-account\/"},"modified":"2021-01-21T20:56:00","modified_gmt":"2021-01-21T20:56:00","slug":"mon-compte","status":"publish","type":"page","link":"https:\/\/www.against-antisemitism.com\/fr\/mon-compte\/","title":{"rendered":"Mon compte"},"content":{"rendered":"<div id=\"cs-content\" class=\"cs-content\"><\/div>\n","protected":false},"excerpt":{"rendered":"<p>Mon compte Vous avez d\u00e9j\u00e0 le livre? Commencer \u00e0 \u00e9tudier<\/p>\n","protected":false},"author":1,"featured_media":0,"parent":0,"menu_order":0,"comment_status":"closed","ping_status":"closed","template":"template-blank-4.php","meta":{"give_campaign_id":0,"pmpro_default_level":"","footnotes":""},"class_list":["post-6593","page","type-page","status-publish","hentry","pmpro-has-access","no-post-thumbnail"],"campaignId":"","_links":{"self":[{"href":"https:\/\/www.against-antisemitism.com\/fr\/wp-json\/wp\/v2\/pages\/6593","targetHints":{"allow":["GET"]}}],"collection":[{"href":"https:\/\/www.against-antisemitism.com\/fr\/wp-json\/wp\/v2\/pages"}],"about":[{"href":"https:\/\/www.against-antisemitism.com\/fr\/wp-json\/wp\/v2\/types\/page"}],"author":[{"embeddable":true,"href":"https:\/\/www.against-antisemitism.com\/fr\/wp-json\/wp\/v2\/users\/1"}],"replies":[{"embeddable":true,"href":"https:\/\/www.against-antisemitism.com\/fr\/wp-json\/wp\/v2\/comments?post=6593"}],"version-history":[{"count":4,"href":"https:\/\/www.against-antisemitism.com\/fr\/wp-json\/wp\/v2\/pages\/6593\/revisions"}],"predecessor-version":[{"id":7183,"href":"https:\/\/www.against-antisemitism.com\/fr\/wp-json\/wp\/v2\/pages\/6593\/revisions\/7183"}],"wp:attachment":[{"href":"https:\/\/www.against-antisemitism.com\/fr\/wp-json\/wp\/v2\/media?parent=6593"}],"curies":[{"name":"wp","href":"https:\/\/api.w.org\/{rel}","templated":true}]}}