{"id":6986,"date":"2020-06-06T18:14:43","date_gmt":"2020-06-06T18:14:43","guid":{"rendered":"https:\/\/www.against-antisemitism.com\/product\/souvrir-aux-autres\/"},"modified":"2021-06-23T17:12:12","modified_gmt":"2021-06-23T17:12:12","slug":"souvrir-aux-autres","status":"publish","type":"product","link":"https:\/\/www.against-antisemitism.com\/fr\/the-book\/souvrir-aux-autres\/","title":{"rendered":"S&#8217;ouvrir aux autres"},"content":{"rendered":"","protected":false},"excerpt":{"rendered":"<h4><strongVersement et don pour un livre + le cours gratuit:<\/strong> <strong><span style=\"color: #ee4646;\">17 dollars<\/span><\/strong> un Livre \u00e9lectronique et <strong><span style=\"color: #ee4646;\">27 dollars<\/span><\/strong> pour une version papier<\/h4>\n<p><strong>Frais d\u2019envoi:<\/strong><br \/>\nUSA &#8211; $3.50<br \/>\nInternational \u2013 $22<\/p>\n<p><strong>Instructions sur comment donner:<\/strong><\/p>\n<p>S\u00e9lectionnez le montant de la carte cadeau et tapez l&#8217;adresse \u00e9lectronique de la personne \u00e0 qui vous envoyez le livre et l&#8217;acc\u00e8s au cours. Veuillez s\u00e9parer les courriels par une virgule. La quantit\u00e9 sera automatiquement mise \u00e0 jour. Une fois le paiement effectu\u00e9, un courriel contenant le code cadeau et des instructions sur la mani\u00e8re d&#8217;appliquer le code cadeau sera envoy\u00e9 \u00e0 chaque adresse \u00e9lectronique.<\/p>\n<p>Lorsque vous commandez le livre de poche ou le livre \u00e9lectronique en cadeau, une carte cadeau sera envoy\u00e9e \u00e0 l&#8217;adresse \u00e9lectronique de votre ami(e). La carte-cadeau comporte un lien permettant d&#8217;\u00e9changer le livre et le cours.<\/p>\n<p><strong>Montants de la carte cadeau:<\/strong><br \/>\n$17 (Livre \u00e9lectronique + Cours)<br \/>\n$30.50 (Version papier + Cours et frais d\u2019exp\u00e9dition intra USA)<br \/>\n$48 (livre de poche estonien\/russe et exp\u00e9dition hors des \u00c9tats-Unis)<br \/>\n$49 (Version papier + Cours et frais d\u2019exp\u00e9dition hors USA)<\/p>\n","protected":false},"featured_media":6988,"template":"","meta":{"give_campaign_id":0,"pmpro_default_level":""},"product_brand":[],"product_cat":[204],"product_tag":[],"class_list":{"0":"post-6986","1":"product","2":"type-product","3":"status-publish","4":"has-post-thumbnail","6":"product_cat-livres","7":"pmpro-has-access","10":"first","11":"instock","12":"purchasable","13":"product-type-pw-gift-card"},"_links":{"self":[{"href":"https:\/\/www.against-antisemitism.com\/fr\/wp-json\/wp\/v2\/product\/6986","targetHints":{"allow":["GET"]}}],"collection":[{"href":"https:\/\/www.against-antisemitism.com\/fr\/wp-json\/wp\/v2\/product"}],"about":[{"href":"https:\/\/www.against-antisemitism.com\/fr\/wp-json\/wp\/v2\/types\/product"}],"wp:featuredmedia":[{"embeddable":true,"href":"https:\/\/www.against-antisemitism.com\/fr\/wp-json\/wp\/v2\/media\/6988"}],"wp:attachment":[{"href":"https:\/\/www.against-antisemitism.com\/fr\/wp-json\/wp\/v2\/media?parent=6986"}],"wp:term":[{"taxonomy":"product_brand","embeddable":true,"href":"https:\/\/www.against-antisemitism.com\/fr\/wp-json\/wp\/v2\/product_brand?post=6986"},{"taxonomy":"product_cat","embeddable":true,"href":"https:\/\/www.against-antisemitism.com\/fr\/wp-json\/wp\/v2\/product_cat?post=6986"},{"taxonomy":"product_tag","embeddable":true,"href":"https:\/\/www.against-antisemitism.com\/fr\/wp-json\/wp\/v2\/product_tag?post=6986"}],"curies":[{"name":"wp","href":"https:\/\/api.w.org\/{rel}","templated":true}]}}