{"id":2865,"date":"2020-03-23T22:57:19","date_gmt":"2020-03-23T22:57:19","guid":{"rendered":"https:\/\/www.against-antisemitism.com\/about\/"},"modified":"2021-05-10T19:29:14","modified_gmt":"2021-05-10T19:29:14","slug":"om","status":"publish","type":"page","link":"https:\/\/www.against-antisemitism.com\/no\/om\/","title":{"rendered":"Om"},"content":{"rendered":"<div id=\"cs-content\" class=\"cs-content\"><\/div>\n","protected":false},"excerpt":{"rendered":"<p>About GRI GRI, Globalt Re-utdannings Initiativ mot antisemittisme, er en helt ny organisasjon som fremmer den j\u00f8diske identiteten til Messias for \u00e5 rykke opp kristen antisemittisme. Dette gj\u00f8r vi ved \u00e5 utdanne mennesker med historiske, politiske og bibelske sannheter. GRI er en gren fra de Forente Nasjoner for Israel.De Forente Nasjoner for Israel, en relativt ny organisasjon, ble dannet med &#8230; <\/p>\n<div><a href=\"https:\/\/www.against-antisemitism.com\/no\/om\/\" class=\"more-link\">Read More<\/a><\/div>\n","protected":false},"author":1,"featured_media":0,"parent":0,"menu_order":0,"comment_status":"closed","ping_status":"closed","template":"template-blank-4.php","meta":{"give_campaign_id":0,"pmpro_default_level":"","footnotes":""},"class_list":["post-2865","page","type-page","status-publish","hentry","pmpro-has-access","no-post-thumbnail"],"campaignId":"","_links":{"self":[{"href":"https:\/\/www.against-antisemitism.com\/no\/wp-json\/wp\/v2\/pages\/2865","targetHints":{"allow":["GET"]}}],"collection":[{"href":"https:\/\/www.against-antisemitism.com\/no\/wp-json\/wp\/v2\/pages"}],"about":[{"href":"https:\/\/www.against-antisemitism.com\/no\/wp-json\/wp\/v2\/types\/page"}],"author":[{"embeddable":true,"href":"https:\/\/www.against-antisemitism.com\/no\/wp-json\/wp\/v2\/users\/1"}],"replies":[{"embeddable":true,"href":"https:\/\/www.against-antisemitism.com\/no\/wp-json\/wp\/v2\/comments?post=2865"}],"version-history":[{"count":5,"href":"https:\/\/www.against-antisemitism.com\/no\/wp-json\/wp\/v2\/pages\/2865\/revisions"}],"predecessor-version":[{"id":8578,"href":"https:\/\/www.against-antisemitism.com\/no\/wp-json\/wp\/v2\/pages\/2865\/revisions\/8578"}],"wp:attachment":[{"href":"https:\/\/www.against-antisemitism.com\/no\/wp-json\/wp\/v2\/media?parent=2865"}],"curies":[{"name":"wp","href":"https:\/\/api.w.org\/{rel}","templated":true}]}}