{"id":2874,"date":"2020-03-23T22:58:43","date_gmt":"2020-03-23T22:58:43","guid":{"rendered":"https:\/\/www.against-antisemitism.com\/contact\/"},"modified":"2021-03-03T16:33:31","modified_gmt":"2021-03-03T16:33:31","slug":"kontakt","status":"publish","type":"page","link":"https:\/\/www.against-antisemitism.com\/no\/kontakt\/","title":{"rendered":"Kontakt"},"content":{"rendered":"<div id=\"cs-content\" class=\"cs-content\"><\/div>\n","protected":false},"excerpt":{"rendered":"<p>Kontakt Kontakt oss: 52 Tuscan Way, Ste 202-412 St. Augustine, FL, 32092 USA +1 904 671 8490 info@against-antisemitism.comVi vil gjerne h\u00f8re fra deg Send sp\u00f8rsm\u00e5l, kommentarer eller bekymringer til info@against-antisemitism.comTa kontakt: Ditt navn (p\u00e5krevd) E-postadresse (p\u00e5krevd) Landet ditt (p\u00e5krevd) Din beskjed 11-7=?<\/p>\n","protected":false},"author":1,"featured_media":0,"parent":0,"menu_order":0,"comment_status":"closed","ping_status":"closed","template":"template-blank-4.php","meta":{"give_campaign_id":0,"pmpro_default_level":"","footnotes":""},"class_list":["post-2874","page","type-page","status-publish","hentry","pmpro-has-access","no-post-thumbnail"],"campaignId":"","_links":{"self":[{"href":"https:\/\/www.against-antisemitism.com\/no\/wp-json\/wp\/v2\/pages\/2874","targetHints":{"allow":["GET"]}}],"collection":[{"href":"https:\/\/www.against-antisemitism.com\/no\/wp-json\/wp\/v2\/pages"}],"about":[{"href":"https:\/\/www.against-antisemitism.com\/no\/wp-json\/wp\/v2\/types\/page"}],"author":[{"embeddable":true,"href":"https:\/\/www.against-antisemitism.com\/no\/wp-json\/wp\/v2\/users\/1"}],"replies":[{"embeddable":true,"href":"https:\/\/www.against-antisemitism.com\/no\/wp-json\/wp\/v2\/comments?post=2874"}],"version-history":[{"count":6,"href":"https:\/\/www.against-antisemitism.com\/no\/wp-json\/wp\/v2\/pages\/2874\/revisions"}],"predecessor-version":[{"id":8253,"href":"https:\/\/www.against-antisemitism.com\/no\/wp-json\/wp\/v2\/pages\/2874\/revisions\/8253"}],"wp:attachment":[{"href":"https:\/\/www.against-antisemitism.com\/no\/wp-json\/wp\/v2\/media?parent=2874"}],"curies":[{"name":"wp","href":"https:\/\/api.w.org\/{rel}","templated":true}]}}