{"id":2893,"date":"2020-06-07T20:54:43","date_gmt":"2020-06-07T20:54:43","guid":{"rendered":"https:\/\/www.against-antisemitism.com\/donate\/"},"modified":"2023-04-11T10:23:06","modified_gmt":"2023-04-11T10:23:06","slug":"gi-gaver","status":"publish","type":"page","link":"https:\/\/www.against-antisemitism.com\/no\/gi-gaver\/","title":{"rendered":"Gi gaver"},"content":{"rendered":"<div id=\"cs-content\" class=\"cs-content\"><\/div>\n","protected":false},"excerpt":{"rendered":"<p>Det finnes flere m\u00e5ter \u00e5 st\u00f8tte GRIs oppdrag p\u00e5 Vi oppfordrer deg sterkt til \u00e5 velge ett av de to f\u00f8rste alternativene for \u00e5 komme i gang.P\u00e5 denne m\u00e5ten vil du ikke bare st\u00f8tte oppdraget, men du vil ogs\u00e5 f\u00e5 &#8220;Identitets tyveriet&#8221; som e-bok og tilgang til online videokurset* basert p\u00e5 boken.01F\u00e5 boken &#8220;Identitets tyveriet&#8221; og f\u00e5 tilgang til nettkursetDette &#8230; <\/p>\n<div><a href=\"https:\/\/www.against-antisemitism.com\/no\/gi-gaver\/\" class=\"more-link\">Read More<\/a><\/div>\n","protected":false},"author":1,"featured_media":2707,"parent":0,"menu_order":0,"comment_status":"closed","ping_status":"closed","template":"template-blank-4.php","meta":{"give_campaign_id":0,"pmpro_default_level":"","footnotes":""},"class_list":["post-2893","page","type-page","status-publish","has-post-thumbnail","hentry","pmpro-has-access"],"campaignId":"","_links":{"self":[{"href":"https:\/\/www.against-antisemitism.com\/no\/wp-json\/wp\/v2\/pages\/2893","targetHints":{"allow":["GET"]}}],"collection":[{"href":"https:\/\/www.against-antisemitism.com\/no\/wp-json\/wp\/v2\/pages"}],"about":[{"href":"https:\/\/www.against-antisemitism.com\/no\/wp-json\/wp\/v2\/types\/page"}],"author":[{"embeddable":true,"href":"https:\/\/www.against-antisemitism.com\/no\/wp-json\/wp\/v2\/users\/1"}],"replies":[{"embeddable":true,"href":"https:\/\/www.against-antisemitism.com\/no\/wp-json\/wp\/v2\/comments?post=2893"}],"version-history":[{"count":14,"href":"https:\/\/www.against-antisemitism.com\/no\/wp-json\/wp\/v2\/pages\/2893\/revisions"}],"predecessor-version":[{"id":11269,"href":"https:\/\/www.against-antisemitism.com\/no\/wp-json\/wp\/v2\/pages\/2893\/revisions\/11269"}],"wp:featuredmedia":[{"embeddable":true,"href":"https:\/\/www.against-antisemitism.com\/no\/wp-json\/wp\/v2\/media\/2707"}],"wp:attachment":[{"href":"https:\/\/www.against-antisemitism.com\/no\/wp-json\/wp\/v2\/media?parent=2893"}],"curies":[{"name":"wp","href":"https:\/\/api.w.org\/{rel}","templated":true}]}}