{"id":2917,"date":"2020-08-03T11:45:08","date_gmt":"2020-08-03T11:45:08","guid":{"rendered":"https:\/\/www.against-antisemitism.com\/home-new\/"},"modified":"2023-05-05T12:12:17","modified_gmt":"2023-05-05T12:12:17","slug":"hjem","status":"publish","type":"page","link":"https:\/\/www.against-antisemitism.com\/no\/","title":{"rendered":"Hjem"},"content":{"rendered":"<div id=\"cs-content\" class=\"cs-content\"><\/div>\n","protected":false},"excerpt":{"rendered":"<p>Den fremste trenings-plattformen for \u00e5 avsl\u00f8re l\u00f8gnene til religi\u00f8s antisemittisme.\u00abI 2016 sammenlignet erkebiskopen av Canterbury, Justin Welby, antisemittisme med et `virus,` og la til at `det er en skammelig sannhet at menigheten, som burde ha tilbudt en motgift, gjennom sin teologiske l\u00e6re, forsterket spredningen av dette viruset.`\u00bb \u2013\u00a0Telegraph.co.ukG\u00e5 inn gjennom 12 porter av \u00e5penbaring og f\u00e5 kunnskap som vil forvandle &#8230; <\/p>\n<div><a href=\"https:\/\/www.against-antisemitism.com\/no\/\" class=\"more-link\">Read More<\/a><\/div>\n","protected":false},"author":1,"featured_media":0,"parent":0,"menu_order":0,"comment_status":"closed","ping_status":"closed","template":"template-blank-4.php","meta":{"give_campaign_id":0,"pmpro_default_level":"","footnotes":""},"class_list":["post-2917","page","type-page","status-publish","hentry","pmpro-has-access","no-post-thumbnail"],"campaignId":"","_links":{"self":[{"href":"https:\/\/www.against-antisemitism.com\/no\/wp-json\/wp\/v2\/pages\/2917","targetHints":{"allow":["GET"]}}],"collection":[{"href":"https:\/\/www.against-antisemitism.com\/no\/wp-json\/wp\/v2\/pages"}],"about":[{"href":"https:\/\/www.against-antisemitism.com\/no\/wp-json\/wp\/v2\/types\/page"}],"author":[{"embeddable":true,"href":"https:\/\/www.against-antisemitism.com\/no\/wp-json\/wp\/v2\/users\/1"}],"replies":[{"embeddable":true,"href":"https:\/\/www.against-antisemitism.com\/no\/wp-json\/wp\/v2\/comments?post=2917"}],"version-history":[{"count":18,"href":"https:\/\/www.against-antisemitism.com\/no\/wp-json\/wp\/v2\/pages\/2917\/revisions"}],"predecessor-version":[{"id":11311,"href":"https:\/\/www.against-antisemitism.com\/no\/wp-json\/wp\/v2\/pages\/2917\/revisions\/11311"}],"wp:attachment":[{"href":"https:\/\/www.against-antisemitism.com\/no\/wp-json\/wp\/v2\/media?parent=2917"}],"curies":[{"name":"wp","href":"https:\/\/api.w.org\/{rel}","templated":true}]}}