{"id":2975,"date":"2020-03-23T22:57:41","date_gmt":"2020-03-23T22:57:41","guid":{"rendered":"https:\/\/www.against-antisemitism.com\/mission\/"},"modified":"2020-11-27T22:46:45","modified_gmt":"2020-11-27T22:46:45","slug":"oppdrag","status":"publish","type":"page","link":"https:\/\/www.against-antisemitism.com\/no\/oppdrag\/","title":{"rendered":"Oppdrag"},"content":{"rendered":"<div id=\"cs-content\" class=\"cs-content\"><\/div>\n","protected":false},"excerpt":{"rendered":"<p>OPPDRAG Og jeg vil velsigne dem som velsigne deg,Og den som forbanner deg, vil jeg forbanne.Og i deg skal alle jordens familier bli velsignet. (1. Mosebok 12,3)Basert p\u00e5 1. Mosebok 12,3, er GRI en utmerket oppl\u00e6rings-plattform som avsl\u00f8rer hat mot det j\u00f8diske folket p\u00e5 grunn av erstatningsteologi.GRI avdekker antisemittismens femhodede monster, og underviser om hvordan man river det ned. \u00c5 &#8230; <\/p>\n<div><a href=\"https:\/\/www.against-antisemitism.com\/no\/oppdrag\/\" class=\"more-link\">Read More<\/a><\/div>\n","protected":false},"author":1,"featured_media":0,"parent":0,"menu_order":0,"comment_status":"closed","ping_status":"closed","template":"template-blank-4.php","meta":{"give_campaign_id":0,"pmpro_default_level":"","footnotes":""},"class_list":["post-2975","page","type-page","status-publish","hentry","pmpro-has-access","no-post-thumbnail"],"campaignId":"","_links":{"self":[{"href":"https:\/\/www.against-antisemitism.com\/no\/wp-json\/wp\/v2\/pages\/2975","targetHints":{"allow":["GET"]}}],"collection":[{"href":"https:\/\/www.against-antisemitism.com\/no\/wp-json\/wp\/v2\/pages"}],"about":[{"href":"https:\/\/www.against-antisemitism.com\/no\/wp-json\/wp\/v2\/types\/page"}],"author":[{"embeddable":true,"href":"https:\/\/www.against-antisemitism.com\/no\/wp-json\/wp\/v2\/users\/1"}],"replies":[{"embeddable":true,"href":"https:\/\/www.against-antisemitism.com\/no\/wp-json\/wp\/v2\/comments?post=2975"}],"version-history":[{"count":4,"href":"https:\/\/www.against-antisemitism.com\/no\/wp-json\/wp\/v2\/pages\/2975\/revisions"}],"predecessor-version":[{"id":5930,"href":"https:\/\/www.against-antisemitism.com\/no\/wp-json\/wp\/v2\/pages\/2975\/revisions\/5930"}],"wp:attachment":[{"href":"https:\/\/www.against-antisemitism.com\/no\/wp-json\/wp\/v2\/media?parent=2975"}],"curies":[{"name":"wp","href":"https:\/\/api.w.org\/{rel}","templated":true}]}}