{"id":3003,"date":"2020-06-04T22:08:13","date_gmt":"2020-06-04T22:08:13","guid":{"rendered":"https:\/\/www.against-antisemitism.com\/the-book\/"},"modified":"2023-05-05T12:34:38","modified_gmt":"2023-05-05T12:34:38","slug":"boken","status":"publish","type":"page","link":"https:\/\/www.against-antisemitism.com\/no\/boken\/","title":{"rendered":"Boken"},"content":{"rendered":"<div id=\"cs-content\" class=\"cs-content\"><\/div>\n","protected":false},"excerpt":{"rendered":"<p>Bok og kurs-pakke Forh\u00e5ndsbestill* en papirutgave av boken for en minimums-donasjon p\u00e5 $ 27 eller mer, og f\u00e5 GRATIS tilgang til nettkurset basert p\u00e5 boken. M\u00f8t den j\u00f8diske Messias i all sin prakt. Beseire monsteret av erstatningsteologi. Vend tilbake til salvelsen fra det f\u00f8rste \u00e5rhundre. L\u00e6r historien om kristen antisemittisme. F\u00e5 tilgang til nettkurset basert p\u00e5 boka. *Avhengig av hvor &#8230; <\/p>\n<div><a href=\"https:\/\/www.against-antisemitism.com\/no\/the-book\/identity-theft-ebook\/\" class=\"more-link\">Read More<\/a><\/div>\n","protected":false},"author":1,"featured_media":0,"parent":0,"menu_order":0,"comment_status":"closed","ping_status":"closed","template":"template-blank-4.php","meta":{"give_campaign_id":0,"pmpro_default_level":"","footnotes":""},"class_list":["post-3003","page","type-page","status-publish","hentry","pmpro-has-access","no-post-thumbnail"],"campaignId":"","_links":{"self":[{"href":"https:\/\/www.against-antisemitism.com\/no\/wp-json\/wp\/v2\/pages\/3003","targetHints":{"allow":["GET"]}}],"collection":[{"href":"https:\/\/www.against-antisemitism.com\/no\/wp-json\/wp\/v2\/pages"}],"about":[{"href":"https:\/\/www.against-antisemitism.com\/no\/wp-json\/wp\/v2\/types\/page"}],"author":[{"embeddable":true,"href":"https:\/\/www.against-antisemitism.com\/no\/wp-json\/wp\/v2\/users\/1"}],"replies":[{"embeddable":true,"href":"https:\/\/www.against-antisemitism.com\/no\/wp-json\/wp\/v2\/comments?post=3003"}],"version-history":[{"count":12,"href":"https:\/\/www.against-antisemitism.com\/no\/wp-json\/wp\/v2\/pages\/3003\/revisions"}],"predecessor-version":[{"id":11324,"href":"https:\/\/www.against-antisemitism.com\/no\/wp-json\/wp\/v2\/pages\/3003\/revisions\/11324"}],"wp:attachment":[{"href":"https:\/\/www.against-antisemitism.com\/no\/wp-json\/wp\/v2\/media?parent=3003"}],"curies":[{"name":"wp","href":"https:\/\/api.w.org\/{rel}","templated":true}]}}