{"id":10461,"date":"2023-01-24T20:42:00","date_gmt":"2023-01-24T20:42:00","guid":{"rendered":"https:\/\/www.against-antisemitism.com\/kursinnehall\/"},"modified":"2023-01-24T20:42:02","modified_gmt":"2023-01-24T20:42:02","slug":"kursinnehall","status":"publish","type":"page","link":"https:\/\/www.against-antisemitism.com\/sv\/kursinnehall\/","title":{"rendered":"Kursinneh\u00e5ll"},"content":{"rendered":"<div id=\"cs-content\" class=\"cs-content\"><\/div>\n","protected":false},"excerpt":{"rendered":"<p>Kursinneh\u00e5ll DEL 1: INTRODUKTION Port 1: Den giftiga frukten fr\u00e5n Identitetsst\u00f6lden Video 1: Den kristna kopplingen till nazistiska F\u00f6rintelsen &#8211; A Video 2: Den kristna kopplingen till nazistiska F\u00f6rintelsen &#8211; B Port 2: D\u00f6dandet i Kristus namn Video 1: Kampen mot ers\u00e4ttningsteologin Video 2: Ett v\u00e4gsk\u00e4l i tiden &#8211; A Video 3: Ett v\u00e4gsk\u00e4l i tiden &#8211; B Port 3: &#8230; <\/p>\n<div><a href=\"https:\/\/www.against-antisemitism.com\/sv\/kursinnehall\/\" class=\"more-link\">Read More<\/a><\/div>\n","protected":false},"author":1,"featured_media":0,"parent":0,"menu_order":0,"comment_status":"closed","ping_status":"closed","template":"template-blank-4.php","meta":{"give_campaign_id":0,"pmpro_default_level":"","footnotes":""},"class_list":["post-10461","page","type-page","status-publish","hentry","pmpro-has-access","no-post-thumbnail"],"campaignId":"","_links":{"self":[{"href":"https:\/\/www.against-antisemitism.com\/sv\/wp-json\/wp\/v2\/pages\/10461","targetHints":{"allow":["GET"]}}],"collection":[{"href":"https:\/\/www.against-antisemitism.com\/sv\/wp-json\/wp\/v2\/pages"}],"about":[{"href":"https:\/\/www.against-antisemitism.com\/sv\/wp-json\/wp\/v2\/types\/page"}],"author":[{"embeddable":true,"href":"https:\/\/www.against-antisemitism.com\/sv\/wp-json\/wp\/v2\/users\/1"}],"replies":[{"embeddable":true,"href":"https:\/\/www.against-antisemitism.com\/sv\/wp-json\/wp\/v2\/comments?post=10461"}],"version-history":[{"count":1,"href":"https:\/\/www.against-antisemitism.com\/sv\/wp-json\/wp\/v2\/pages\/10461\/revisions"}],"predecessor-version":[{"id":10462,"href":"https:\/\/www.against-antisemitism.com\/sv\/wp-json\/wp\/v2\/pages\/10461\/revisions\/10462"}],"wp:attachment":[{"href":"https:\/\/www.against-antisemitism.com\/sv\/wp-json\/wp\/v2\/media?parent=10461"}],"curies":[{"name":"wp","href":"https:\/\/api.w.org\/{rel}","templated":true}]}}