{"id":10463,"date":"2023-01-24T21:31:17","date_gmt":"2023-01-24T21:31:17","guid":{"rendered":"https:\/\/www.against-antisemitism.com\/kontakt\/"},"modified":"2023-01-24T21:31:17","modified_gmt":"2023-01-24T21:31:17","slug":"kontakt","status":"publish","type":"page","link":"https:\/\/www.against-antisemitism.com\/sv\/kontakt\/","title":{"rendered":"Kontakt"},"content":{"rendered":"<div id=\"cs-content\" class=\"cs-content\"><\/div>\n","protected":false},"excerpt":{"rendered":"<p>Kontakt Kontakta oss: 52 Tuscan Way, Ste 202-412 St. Augustine, FL, 32092 USA +1 904 671 8490 info@against-antisemitism.comVi vill g\u00e4rna h\u00f6ra ifr\u00e5n dig Skicka oss dina fr\u00e5gor, kommentarer eller funderingar till info@against-antisemitism.comKomma i kontakt: Ditt namn (obligatoriskt) E-postadress (obligatorisk) Ditt land (obligatoriskt) Ditt meddelande (obligatoriskt) 15-3=?<\/p>\n","protected":false},"author":1,"featured_media":0,"parent":0,"menu_order":0,"comment_status":"closed","ping_status":"closed","template":"template-blank-4.php","meta":{"give_campaign_id":0,"pmpro_default_level":"","footnotes":""},"class_list":["post-10463","page","type-page","status-publish","hentry","pmpro-has-access","no-post-thumbnail"],"campaignId":"","_links":{"self":[{"href":"https:\/\/www.against-antisemitism.com\/sv\/wp-json\/wp\/v2\/pages\/10463","targetHints":{"allow":["GET"]}}],"collection":[{"href":"https:\/\/www.against-antisemitism.com\/sv\/wp-json\/wp\/v2\/pages"}],"about":[{"href":"https:\/\/www.against-antisemitism.com\/sv\/wp-json\/wp\/v2\/types\/page"}],"author":[{"embeddable":true,"href":"https:\/\/www.against-antisemitism.com\/sv\/wp-json\/wp\/v2\/users\/1"}],"replies":[{"embeddable":true,"href":"https:\/\/www.against-antisemitism.com\/sv\/wp-json\/wp\/v2\/comments?post=10463"}],"version-history":[{"count":1,"href":"https:\/\/www.against-antisemitism.com\/sv\/wp-json\/wp\/v2\/pages\/10463\/revisions"}],"predecessor-version":[{"id":10464,"href":"https:\/\/www.against-antisemitism.com\/sv\/wp-json\/wp\/v2\/pages\/10463\/revisions\/10464"}],"wp:attachment":[{"href":"https:\/\/www.against-antisemitism.com\/sv\/wp-json\/wp\/v2\/media?parent=10463"}],"curies":[{"name":"wp","href":"https:\/\/api.w.org\/{rel}","templated":true}]}}