{"id":10549,"date":"2023-03-01T15:34:00","date_gmt":"2023-03-01T15:34:00","guid":{"rendered":"https:\/\/www.against-antisemitism.com\/recensioner-fran-lasarna\/"},"modified":"2024-08-25T11:18:19","modified_gmt":"2024-08-25T11:18:19","slug":"recensioner-fran-lasarna","status":"publish","type":"page","link":"https:\/\/www.against-antisemitism.com\/sv\/recensioner-fran-lasarna\/","title":{"rendered":"Recensioner fr\u00e5n l\u00e4sarna"},"content":{"rendered":"<div id=\"cs-content\" class=\"cs-content\"><\/div>\n","protected":false},"excerpt":{"rendered":"<p>Recensioner fr\u00e5n l\u00e4sarna Jag har boken, och under min l\u00e4sning kunde jag k\u00e4nna hur den Helige Ande f\u00f6r\u00e4ndrade mig p\u00e5 insidan. Jag har f\u00f6ljt Jesus i \u00f6ver 40 \u00e5r, men sedan jag l\u00e4st den h\u00e4r boken har hela min vandring med honom f\u00f6r\u00e4ndrats totalt, eftersom jag nu k\u00e4nner honom b\u00e5de som Yeshua och vet Hans sanna identitet. Jag rekommenderar verkligen &#8230; <\/p>\n<div><a href=\"https:\/\/www.against-antisemitism.com\/sv\/recensioner-fran-lasarna\/\" class=\"more-link\">Read More<\/a><\/div>\n","protected":false},"author":1,"featured_media":0,"parent":0,"menu_order":0,"comment_status":"closed","ping_status":"closed","template":"template-blank-4.php","meta":{"give_campaign_id":0,"pmpro_default_level":"","footnotes":""},"class_list":["post-10549","page","type-page","status-publish","hentry","pmpro-has-access","no-post-thumbnail"],"campaignId":"","_links":{"self":[{"href":"https:\/\/www.against-antisemitism.com\/sv\/wp-json\/wp\/v2\/pages\/10549","targetHints":{"allow":["GET"]}}],"collection":[{"href":"https:\/\/www.against-antisemitism.com\/sv\/wp-json\/wp\/v2\/pages"}],"about":[{"href":"https:\/\/www.against-antisemitism.com\/sv\/wp-json\/wp\/v2\/types\/page"}],"author":[{"embeddable":true,"href":"https:\/\/www.against-antisemitism.com\/sv\/wp-json\/wp\/v2\/users\/1"}],"replies":[{"embeddable":true,"href":"https:\/\/www.against-antisemitism.com\/sv\/wp-json\/wp\/v2\/comments?post=10549"}],"version-history":[{"count":10,"href":"https:\/\/www.against-antisemitism.com\/sv\/wp-json\/wp\/v2\/pages\/10549\/revisions"}],"predecessor-version":[{"id":11510,"href":"https:\/\/www.against-antisemitism.com\/sv\/wp-json\/wp\/v2\/pages\/10549\/revisions\/11510"}],"wp:attachment":[{"href":"https:\/\/www.against-antisemitism.com\/sv\/wp-json\/wp\/v2\/media?parent=10549"}],"curies":[{"name":"wp","href":"https:\/\/api.w.org\/{rel}","templated":true}]}}