{"id":10567,"date":"2023-03-06T15:38:43","date_gmt":"2023-03-06T15:38:43","guid":{"rendered":"https:\/\/www.against-antisemitism.com\/donera\/"},"modified":"2023-04-11T10:27:25","modified_gmt":"2023-04-11T10:27:25","slug":"donera","status":"publish","type":"page","link":"https:\/\/www.against-antisemitism.com\/sv\/donera\/","title":{"rendered":"Donera"},"content":{"rendered":"<div id=\"cs-content\" class=\"cs-content\"><\/div>\n","protected":false},"excerpt":{"rendered":"<p>Det finns flera s\u00e4tt att st\u00f6dja GRIs uppdrag Vi rekommenderar starkt att du v\u00e4ljer ett av de tv\u00e5 f\u00f6rsta alternativen f\u00f6r att komma ig\u00e5ng.P\u00e5 detta s\u00e4tt kommer du inte bara att st\u00f6dja uppdraget, du f\u00e5r ocks\u00e5 boken \u201cIdentitetsst\u00f6lden\u201d samt tillg\u00e5ng till v\u00e5r online-videokursen baserad p\u00e5 boken.01Skaffa boken \u201cIdentitetsst\u00f6lden\u201d och f\u00e5 tillg\u00e5ng till onlinekursenAlternativ f\u00f6r eng\u00e5ngsbetalningDonera 27 dollar eller mer p\u00e5 &#8230; <\/p>\n<div><a href=\"https:\/\/www.against-antisemitism.com\/sv\/donera\/\" class=\"more-link\">Read More<\/a><\/div>\n","protected":false},"author":1,"featured_media":9660,"parent":0,"menu_order":0,"comment_status":"closed","ping_status":"closed","template":"template-blank-4.php","meta":{"give_campaign_id":0,"pmpro_default_level":"","footnotes":""},"class_list":["post-10567","page","type-page","status-publish","has-post-thumbnail","hentry","pmpro-has-access"],"campaignId":"","_links":{"self":[{"href":"https:\/\/www.against-antisemitism.com\/sv\/wp-json\/wp\/v2\/pages\/10567","targetHints":{"allow":["GET"]}}],"collection":[{"href":"https:\/\/www.against-antisemitism.com\/sv\/wp-json\/wp\/v2\/pages"}],"about":[{"href":"https:\/\/www.against-antisemitism.com\/sv\/wp-json\/wp\/v2\/types\/page"}],"author":[{"embeddable":true,"href":"https:\/\/www.against-antisemitism.com\/sv\/wp-json\/wp\/v2\/users\/1"}],"replies":[{"embeddable":true,"href":"https:\/\/www.against-antisemitism.com\/sv\/wp-json\/wp\/v2\/comments?post=10567"}],"version-history":[{"count":9,"href":"https:\/\/www.against-antisemitism.com\/sv\/wp-json\/wp\/v2\/pages\/10567\/revisions"}],"predecessor-version":[{"id":11281,"href":"https:\/\/www.against-antisemitism.com\/sv\/wp-json\/wp\/v2\/pages\/10567\/revisions\/11281"}],"wp:featuredmedia":[{"embeddable":true,"href":"https:\/\/www.against-antisemitism.com\/sv\/wp-json\/wp\/v2\/media\/9660"}],"wp:attachment":[{"href":"https:\/\/www.against-antisemitism.com\/sv\/wp-json\/wp\/v2\/media?parent=10567"}],"curies":[{"name":"wp","href":"https:\/\/api.w.org\/{rel}","templated":true}]}}