{"id":9888,"date":"2023-01-07T16:25:21","date_gmt":"2023-01-07T16:25:21","guid":{"rendered":"https:\/\/www.against-antisemitism.com\/om\/"},"modified":"2023-01-24T21:38:28","modified_gmt":"2023-01-24T21:38:28","slug":"om","status":"publish","type":"page","link":"https:\/\/www.against-antisemitism.com\/sv\/om\/","title":{"rendered":"Om"},"content":{"rendered":"<div id=\"cs-content\" class=\"cs-content\"><\/div>\n","protected":false},"excerpt":{"rendered":"<p>Om GRI GRI st\u00e5r f\u00f6r Globalt Omskolningsinitiativ Mot Antisemitism, det \u00e4r en helt ny organisation som betonar Messias judiskhet f\u00f6r att f\u00e5 bort kristen antisemitism. Vi g\u00f6r detta genom att utbilda m\u00e4nniskor i historisk, politisk och biblisk sanning. GRI \u00e4r en gren av United Nations for Israel.The United Nations for Israel \u00e4r en relativt sett ny organisation. Den skapades med &#8230; <\/p>\n<div><a href=\"https:\/\/www.against-antisemitism.com\/sv\/om\/\" class=\"more-link\">Read More<\/a><\/div>\n","protected":false},"author":1,"featured_media":0,"parent":0,"menu_order":0,"comment_status":"closed","ping_status":"closed","template":"template-blank-4.php","meta":{"give_campaign_id":0,"pmpro_default_level":"","footnotes":""},"class_list":["post-9888","page","type-page","status-publish","hentry","pmpro-has-access","no-post-thumbnail"],"campaignId":"","_links":{"self":[{"href":"https:\/\/www.against-antisemitism.com\/sv\/wp-json\/wp\/v2\/pages\/9888","targetHints":{"allow":["GET"]}}],"collection":[{"href":"https:\/\/www.against-antisemitism.com\/sv\/wp-json\/wp\/v2\/pages"}],"about":[{"href":"https:\/\/www.against-antisemitism.com\/sv\/wp-json\/wp\/v2\/types\/page"}],"author":[{"embeddable":true,"href":"https:\/\/www.against-antisemitism.com\/sv\/wp-json\/wp\/v2\/users\/1"}],"replies":[{"embeddable":true,"href":"https:\/\/www.against-antisemitism.com\/sv\/wp-json\/wp\/v2\/comments?post=9888"}],"version-history":[{"count":3,"href":"https:\/\/www.against-antisemitism.com\/sv\/wp-json\/wp\/v2\/pages\/9888\/revisions"}],"predecessor-version":[{"id":10466,"href":"https:\/\/www.against-antisemitism.com\/sv\/wp-json\/wp\/v2\/pages\/9888\/revisions\/10466"}],"wp:attachment":[{"href":"https:\/\/www.against-antisemitism.com\/sv\/wp-json\/wp\/v2\/media?parent=9888"}],"curies":[{"name":"wp","href":"https:\/\/api.w.org\/{rel}","templated":true}]}}