{"id":10519,"date":"2020-08-13T15:48:27","date_gmt":"2020-08-13T15:48:27","guid":{"rendered":"https:\/\/www.against-antisemitism.com\/the-book\/bok-och-kurspaket\/"},"modified":"2023-03-01T14:38:52","modified_gmt":"2023-03-01T14:38:52","slug":"bok-och-kurspaket","status":"publish","type":"product","link":"https:\/\/www.against-antisemitism.com\/sv\/the-book\/bok-och-kurspaket\/","title":{"rendered":"Bok &#038; kurspaket"},"content":{"rendered":"","protected":false},"excerpt":{"rendered":"<h4><strong>Best\u00e4ll en tryckt bok<\/strong> f\u00f6r en donation p\u00e5 minst <strong><span style=\"color: #ee4646;\">27 dollar<\/span><\/strong> eller mer, du f\u00e5r d\u00e5 en <strong>GRATIS onlinekurs<\/strong> baserad p\u00e5 boken.<\/h4>\n<ul>\n<li>M\u00f6t den judiske Messias i all hans h\u00e4rlighet.<\/li>\n<li>Besegra monstret ers\u00e4ttningsteologi.<\/li>\n<li>\u00c5terv\u00e4nd till sm\u00f6rjelsen fr\u00e5n det f\u00f6rsta \u00e5rhundradet.<\/li>\n<li>L\u00e4r dig om kristen antisemitism rent historiskt.<\/li>\n<li><strong><span style=\"color: #ee4646;\">F\u00e5 tillg\u00e5ng till onlinekursen baserad p\u00e5 boken*.<\/span><\/strong>.<\/li>\n<\/ul>\n<p>*Beroende p\u00e5 var du bor, kan du f\u00f6rv\u00e4nta dig att f\u00e5 boken inom 2-4 veckor efter orderdatum.<\/p>\n<p>Om du vill best\u00e4lla ett parti b\u00f6cker, v\u00e4nligen kontakta <a href=\"mailto:info@against-antisemitism.com\">info@against-antisemitism.com<\/a> (frakten f\u00f6r partiordrar baseras p\u00e5 fraktmetoden)<\/p>\n<p>Om du best\u00e4ller mer \u00e4n en bok, kommer du \u00e4nd\u00e5 bara att f\u00e5 en kurs till din epost (v\u00e4lj ist\u00e4llet att ge som presentkort f\u00f6r flera kurser).<\/p>\n","protected":false},"featured_media":9660,"template":"","meta":{"give_campaign_id":0,"pmpro_default_level":""},"product_brand":[],"product_cat":[239],"product_tag":[],"class_list":{"0":"post-10519","1":"product","2":"type-product","3":"status-publish","4":"has-post-thumbnail","6":"product_cat-bocker","7":"pmpro-has-access","10":"first","11":"instock","12":"shipping-taxable","13":"purchasable","14":"product-type-variable","15":"nyp-product"},"_links":{"self":[{"href":"https:\/\/www.against-antisemitism.com\/sv\/wp-json\/wp\/v2\/product\/10519","targetHints":{"allow":["GET"]}}],"collection":[{"href":"https:\/\/www.against-antisemitism.com\/sv\/wp-json\/wp\/v2\/product"}],"about":[{"href":"https:\/\/www.against-antisemitism.com\/sv\/wp-json\/wp\/v2\/types\/product"}],"wp:featuredmedia":[{"embeddable":true,"href":"https:\/\/www.against-antisemitism.com\/sv\/wp-json\/wp\/v2\/media\/9660"}],"wp:attachment":[{"href":"https:\/\/www.against-antisemitism.com\/sv\/wp-json\/wp\/v2\/media?parent=10519"}],"wp:term":[{"taxonomy":"product_brand","embeddable":true,"href":"https:\/\/www.against-antisemitism.com\/sv\/wp-json\/wp\/v2\/product_brand?post=10519"},{"taxonomy":"product_cat","embeddable":true,"href":"https:\/\/www.against-antisemitism.com\/sv\/wp-json\/wp\/v2\/product_cat?post=10519"},{"taxonomy":"product_tag","embeddable":true,"href":"https:\/\/www.against-antisemitism.com\/sv\/wp-json\/wp\/v2\/product_tag?post=10519"}],"curies":[{"name":"wp","href":"https:\/\/api.w.org\/{rel}","templated":true}]}}